{"id":117816,"date":"2017-03-05T22:57:39","date_gmt":"2017-03-05T22:57:39","guid":{"rendered":"https:\/\/articulosreligiosos.com\/product\/table-of-the-last-supper-in-relief-93781\/"},"modified":"2025-03-06T08:10:56","modified_gmt":"2025-03-06T08:10:56","slug":"table-of-the-last-supper-in-relief-93781","status":"publish","type":"product","link":"https:\/\/articulosreligiosos.com\/en\/product\/table-of-the-last-supper-in-relief-93781\/","title":{"rendered":"Table of the Last Supper in relief"},"content":{"rendered":"<p>Picture of the Last Supper in relief with a great level of detail. Achieving a perfect finish. <\/p>\n","protected":false},"excerpt":{"rendered":"<p>Table of the Last Supper in relief, wood carving.<\/p>\n<p>ObservationsHigh-quality artisanal process, which guarantees a perfect finish and a truly spectacular presence.CharacteristicsOriginal product with a great artistic tradition made in Europe.General measurementsAvailable in the following sizes: 30&#215;49, 55&#215;88, 60&#215;105 and 82&#215;137 cm. (Height x Width)More informationAvailable upon request.Usually shipped within 7 days from the time of order.Consult us.The photograph corresponds to the untreated Natural Wood decoration.The photograph corresponds to the waxed wood decoration.The photograph corresponds to the decoration decorated with different shades of wood.The photograph corresponds to the Color decoration.The photograph corresponds to the untreated Natural Wood decoration.The photograph corresponds to the waxed wood decoration.The photograph corresponds to the decoration decorated with different shades of wood.The photograph corresponds to the Antique decoration.The photograph corresponds to the Color decoration.The photograph corresponds to the untreated Natural Wood decoration.The photograph corresponds to the waxed wood decoration.The photograph corresponds to the decoration decorated with different shades of wood.The photograph corresponds to the Antique decoration.The photograph corresponds to the Color decoration.The photograph corresponds to the untreated Natural Wood decoration.The photograph corresponds to the waxed wood decoration.The photograph corresponds to the Antique decoration.The photograph corresponds to the Color decoration.<\/p>\n","protected":false},"featured_media":336390,"comment_status":"open","ping_status":"closed","template":"","meta":{"_acf_changed":false},"product_brand":[],"product_cat":[6324,6284,6326,6314,6258],"product_tag":[],"class_list":{"0":"post-117816","1":"product","2":"type-product","3":"status-publish","4":"has-post-thumbnail","6":"product_cat-catholic-religious-relief-plates-en","7":"product_cat-last-supper-religious-sculptures-en","8":"product_cat-last-supper-religious-pictures-en","9":"product_cat-pictures-icons-religious-catholic-en","10":"product_cat-religious-statues-religious-sculptures-catholic-statues-en","11":"pa_acabado_cuadros-available-in-various-decorations","12":"pa_acabado_cuadros-colored-en","13":"pa_acabado_cuadros-coloredantique-en","14":"pa_acabado_cuadros-natural-en","15":"pa_acabado_cuadros-tones-en","16":"pa_acabado_cuadros-waxed-en","17":"pa_altura-300-en","18":"pa_altura-550-en-2","19":"pa_altura-630-en","20":"pa_altura-820-en","21":"pa_disponibilidad-7-en","22":"pa_manufacturer-p030-en","23":"pa_material-woodcarving","25":"first","26":"instock","27":"taxable","28":"shipping-taxable","29":"purchasable","30":"product-type-variable","31":"rtwpvs-product"},"acf":[],"yoast_head":"<!-- This site is optimized with the Yoast SEO Premium plugin v27.2 (Yoast SEO v27.2) - https:\/\/yoast.com\/product\/yoast-seo-premium-wordpress\/ -->\n<title>Buy Table of the Last Supper in relief - Art\u00edculos Religiosos | Online Store<\/title>\n<meta name=\"description\" content=\"Table of the Last Supper in relief, wood carving.  ObservationsHigh-quality artisanal process, which guarantees a perfect finish and a truly spectacular presence.CharacteristicsOriginal product with a great artistic tradition made in Europe.General measurementsAvailable in the following sizes: 30x49, 55x88, 60x105 and 82x137 cm. (Height x Width)More informationAvailable upon request.Usually shipped within 7 days from the time of order.Consult us.The photograph corresponds to the untreated Natural Wood decoration.The photograph corresponds to the waxed wood decoration.The photograph corresponds to the decoration decorated with different shades of wood.The photograph corresponds to the Color decoration.The photograph corresponds to the untreated Natural Wood decoration.The photograph corresponds to the waxed wood decoration.The photograph corresponds to the decoration decorated with different shades of wood.The photograph corresponds to the Antique decoration.The photograph corresponds to the Color decoration.The photograph corresponds to the untreated Natural Wood decoration.The photograph corresponds to the waxed wood decoration.The photograph corresponds to the decoration decorated with different shades of wood.The photograph corresponds to the Antique decoration.The photograph corresponds to the Color decoration.The photograph corresponds to the untreated Natural Wood decoration.The photograph corresponds to the waxed wood decoration.The photograph corresponds to the Antique decoration.The photograph corresponds to the Color decoration.\" \/>\n<meta name=\"robots\" content=\"index, follow, max-snippet:-1, max-image-preview:large, max-video-preview:-1\" \/>\n<link rel=\"canonical\" href=\"https:\/\/articulosreligiosos.com\/en\/product\/table-of-the-last-supper-in-relief-93781\/\" \/>\n<meta property=\"og:locale\" content=\"en_US\" \/>\n<meta property=\"og:type\" content=\"article\" \/>\n<meta property=\"og:title\" content=\"Table of the Last Supper in relief\" \/>\n<meta property=\"og:description\" content=\"Table of the Last Supper in relief, wood carving.  ObservationsHigh-quality artisanal process, which guarantees a perfect finish and a truly spectacular presence.CharacteristicsOriginal product with a great artistic tradition made in Europe.General measurementsAvailable in the following sizes: 30x49, 55x88, 60x105 and 82x137 cm. (Height x Width)More informationAvailable upon request.Usually shipped within 7 days from the time of order.Consult us.The photograph corresponds to the untreated Natural Wood decoration.The photograph corresponds to the waxed wood decoration.The photograph corresponds to the decoration decorated with different shades of wood.The photograph corresponds to the Color decoration.The photograph corresponds to the untreated Natural Wood decoration.The photograph corresponds to the waxed wood decoration.The photograph corresponds to the decoration decorated with different shades of wood.The photograph corresponds to the Antique decoration.The photograph corresponds to the Color decoration.The photograph corresponds to the untreated Natural Wood decoration.The photograph corresponds to the waxed wood decoration.The photograph corresponds to the decoration decorated with different shades of wood.The photograph corresponds to the Antique decoration.The photograph corresponds to the Color decoration.The photograph corresponds to the untreated Natural Wood decoration.The photograph corresponds to the waxed wood decoration.The photograph corresponds to the Antique decoration.The photograph corresponds to the Color decoration.\" \/>\n<meta property=\"og:url\" content=\"https:\/\/articulosreligiosos.com\/en\/product\/table-of-the-last-supper-in-relief-93781\/\" \/>\n<meta property=\"og:site_name\" content=\"articulosreligiosos.com\" \/>\n<meta property=\"article:modified_time\" content=\"2025-03-06T08:10:56+00:00\" \/>\n<meta property=\"og:image\" content=\"https:\/\/articulosreligiosos.com\/wp-content\/uploads\/2025\/08\/Cuadro-de-la-Ultima-Cena-en-relieve-marv03006044-0.webp\" \/>\n\t<meta property=\"og:image:width\" content=\"1100\" \/>\n\t<meta property=\"og:image:height\" content=\"655\" \/>\n\t<meta property=\"og:image:type\" content=\"image\/webp\" \/>\n<meta name=\"twitter:card\" content=\"summary_large_image\" \/>\n<meta name=\"twitter:label1\" content=\"Availability\" \/>\n\t<meta name=\"twitter:data1\" content=\"In stock\" \/>\n<script type=\"application\/ld+json\" class=\"yoast-schema-graph\">{\"@context\":\"https:\/\/schema.org\",\"@graph\":[{\"@type\":\"WebPage\",\"@id\":\"https:\/\/articulosreligiosos.com\/en\/product\/table-of-the-last-supper-in-relief-93781\/\",\"url\":\"https:\/\/articulosreligiosos.com\/en\/product\/table-of-the-last-supper-in-relief-93781\/\",\"name\":\"Buy Table of the Last Supper in relief - Art\u00edculos Religiosos | Online Store\",\"isPartOf\":{\"@id\":\"https:\/\/articulosreligiosos.com\/en\/#website\"},\"primaryImageOfPage\":{\"@id\":\"https:\/\/articulosreligiosos.com\/en\/product\/table-of-the-last-supper-in-relief-93781\/#primaryimage\"},\"image\":{\"@id\":\"https:\/\/articulosreligiosos.com\/en\/product\/table-of-the-last-supper-in-relief-93781\/#primaryimage\"},\"thumbnailUrl\":\"https:\/\/articulosreligiosos.com\/wp-content\/uploads\/2025\/08\/Cuadro-de-la-Ultima-Cena-en-relieve-marv03006044-0.webp\",\"datePublished\":\"2017-03-05T22:57:39+00:00\",\"dateModified\":\"2025-03-06T08:10:56+00:00\",\"description\":\"Table of the Last Supper in relief, wood carving. ObservationsHigh-quality artisanal process, which guarantees a perfect finish and a truly spectacular presence.CharacteristicsOriginal product with a great artistic tradition made in Europe.General measurementsAvailable in the following sizes: 30x49, 55x88, 60x105 and 82x137 cm. (Height x Width)More informationAvailable upon request.Usually shipped within 7 days from the time of order.Consult us.The photograph corresponds to the untreated Natural Wood decoration.The photograph corresponds to the waxed wood decoration.The photograph corresponds to the decoration decorated with different shades of wood.The photograph corresponds to the Color decoration.The photograph corresponds to the untreated Natural Wood decoration.The photograph corresponds to the waxed wood decoration.The photograph corresponds to the decoration decorated with different shades of wood.The photograph corresponds to the Antique decoration.The photograph corresponds to the Color decoration.The photograph corresponds to the untreated Natural Wood decoration.The photograph corresponds to the waxed wood decoration.The photograph corresponds to the decoration decorated with different shades of wood.The photograph corresponds to the Antique decoration.The photograph corresponds to the Color decoration.The photograph corresponds to the untreated Natural Wood decoration.The photograph corresponds to the waxed wood decoration.The photograph corresponds to the Antique decoration.The photograph corresponds to the Color decoration.\",\"breadcrumb\":{\"@id\":\"https:\/\/articulosreligiosos.com\/en\/product\/table-of-the-last-supper-in-relief-93781\/#breadcrumb\"},\"inLanguage\":\"en-US\",\"potentialAction\":[{\"@type\":\"ReadAction\",\"target\":[\"https:\/\/articulosreligiosos.com\/en\/product\/table-of-the-last-supper-in-relief-93781\/\"]}]},{\"@type\":\"ImageObject\",\"inLanguage\":\"en-US\",\"@id\":\"https:\/\/articulosreligiosos.com\/en\/product\/table-of-the-last-supper-in-relief-93781\/#primaryimage\",\"url\":\"https:\/\/articulosreligiosos.com\/wp-content\/uploads\/2025\/08\/Cuadro-de-la-Ultima-Cena-en-relieve-marv03006044-0.webp\",\"contentUrl\":\"https:\/\/articulosreligiosos.com\/wp-content\/uploads\/2025\/08\/Cuadro-de-la-Ultima-Cena-en-relieve-marv03006044-0.webp\",\"width\":1100,\"height\":655},{\"@type\":\"BreadcrumbList\",\"@id\":\"https:\/\/articulosreligiosos.com\/en\/product\/table-of-the-last-supper-in-relief-93781\/#breadcrumb\",\"itemListElement\":[{\"@type\":\"ListItem\",\"position\":1,\"name\":\"Home\",\"item\":\"https:\/\/articulosreligiosos.com\/en\/\"},{\"@type\":\"ListItem\",\"position\":2,\"name\":\"Products\"},{\"@type\":\"ListItem\",\"position\":3,\"name\":\"Table of the Last Supper in relief\"}]},{\"@type\":\"WebSite\",\"@id\":\"https:\/\/articulosreligiosos.com\/en\/#website\",\"url\":\"https:\/\/articulosreligiosos.com\/en\/\",\"name\":\"Art\u00edculos Religiosos\",\"description\":\"Tienda online | Fabricaci\u00f3n, restauraci\u00f3n y comercializaci\u00f3n de objetos religiosos al mejor precio y con el mejor servicio.\",\"publisher\":{\"@id\":\"https:\/\/articulosreligiosos.com\/en\/#organization\"},\"potentialAction\":[{\"@type\":\"SearchAction\",\"target\":{\"@type\":\"EntryPoint\",\"urlTemplate\":\"https:\/\/articulosreligiosos.com\/en\/?s={search_term_string}\"},\"query-input\":{\"@type\":\"PropertyValueSpecification\",\"valueRequired\":true,\"valueName\":\"search_term_string\"}}],\"inLanguage\":\"en-US\"},{\"@type\":\"Organization\",\"@id\":\"https:\/\/articulosreligiosos.com\/en\/#organization\",\"name\":\"Art\u00edculos Religiosos\",\"url\":\"https:\/\/articulosreligiosos.com\/en\/\",\"logo\":{\"@type\":\"ImageObject\",\"inLanguage\":\"en-US\",\"@id\":\"https:\/\/articulosreligiosos.com\/en\/#\/schema\/logo\/image\/\",\"url\":\"https:\/\/articulosreligiosos.com\/wp-content\/uploads\/2023\/12\/newlogo-1.png\",\"contentUrl\":\"https:\/\/articulosreligiosos.com\/wp-content\/uploads\/2023\/12\/newlogo-1.png\",\"width\":178,\"height\":114,\"caption\":\"Art\u00edculos Religiosos\"},\"image\":{\"@id\":\"https:\/\/articulosreligiosos.com\/en\/#\/schema\/logo\/image\/\"},\"sameAs\":[\"https:\/\/www.instagram.com\/articulosreligiosos.tienda\/\"],\"hasMerchantReturnPolicy\":{\"@type\":\"MerchantReturnPolicy\",\"merchantReturnLink\":\"https:\/\/articulosreligiosos.com\/en\/refund-and-returns-policy\/\"}}]}<\/script>\n<meta property=\"og:availability\" content=\"instock\" \/>\n<meta property=\"product:availability\" content=\"instock\" \/>\n<meta property=\"product:retailer_item_id\" content=\"MARV03006044\" \/>\n<meta property=\"product:condition\" content=\"new\" \/>\n<!-- \/ Yoast SEO Premium plugin. -->","yoast_head_json":{"title":"Buy Table of the Last Supper in relief - Art\u00edculos Religiosos | Online Store","description":"Table of the Last Supper in relief, wood carving.  ObservationsHigh-quality artisanal process, which guarantees a perfect finish and a truly spectacular presence.CharacteristicsOriginal product with a great artistic tradition made in Europe.General measurementsAvailable in the following sizes: 30x49, 55x88, 60x105 and 82x137 cm. (Height x Width)More informationAvailable upon request.Usually shipped within 7 days from the time of order.Consult us.The photograph corresponds to the untreated Natural Wood decoration.The photograph corresponds to the waxed wood decoration.The photograph corresponds to the decoration decorated with different shades of wood.The photograph corresponds to the Color decoration.The photograph corresponds to the untreated Natural Wood decoration.The photograph corresponds to the waxed wood decoration.The photograph corresponds to the decoration decorated with different shades of wood.The photograph corresponds to the Antique decoration.The photograph corresponds to the Color decoration.The photograph corresponds to the untreated Natural Wood decoration.The photograph corresponds to the waxed wood decoration.The photograph corresponds to the decoration decorated with different shades of wood.The photograph corresponds to the Antique decoration.The photograph corresponds to the Color decoration.The photograph corresponds to the untreated Natural Wood decoration.The photograph corresponds to the waxed wood decoration.The photograph corresponds to the Antique decoration.The photograph corresponds to the Color decoration.","robots":{"index":"index","follow":"follow","max-snippet":"max-snippet:-1","max-image-preview":"max-image-preview:large","max-video-preview":"max-video-preview:-1"},"canonical":"https:\/\/articulosreligiosos.com\/en\/product\/table-of-the-last-supper-in-relief-93781\/","og_locale":"en_US","og_type":"article","og_title":"Table of the Last Supper in relief","og_description":"Table of the Last Supper in relief, wood carving.  ObservationsHigh-quality artisanal process, which guarantees a perfect finish and a truly spectacular presence.CharacteristicsOriginal product with a great artistic tradition made in Europe.General measurementsAvailable in the following sizes: 30x49, 55x88, 60x105 and 82x137 cm. (Height x Width)More informationAvailable upon request.Usually shipped within 7 days from the time of order.Consult us.The photograph corresponds to the untreated Natural Wood decoration.The photograph corresponds to the waxed wood decoration.The photograph corresponds to the decoration decorated with different shades of wood.The photograph corresponds to the Color decoration.The photograph corresponds to the untreated Natural Wood decoration.The photograph corresponds to the waxed wood decoration.The photograph corresponds to the decoration decorated with different shades of wood.The photograph corresponds to the Antique decoration.The photograph corresponds to the Color decoration.The photograph corresponds to the untreated Natural Wood decoration.The photograph corresponds to the waxed wood decoration.The photograph corresponds to the decoration decorated with different shades of wood.The photograph corresponds to the Antique decoration.The photograph corresponds to the Color decoration.The photograph corresponds to the untreated Natural Wood decoration.The photograph corresponds to the waxed wood decoration.The photograph corresponds to the Antique decoration.The photograph corresponds to the Color decoration.","og_url":"https:\/\/articulosreligiosos.com\/en\/product\/table-of-the-last-supper-in-relief-93781\/","og_site_name":"articulosreligiosos.com","article_modified_time":"2025-03-06T08:10:56+00:00","og_image":[{"width":1100,"height":655,"url":"https:\/\/articulosreligiosos.com\/wp-content\/uploads\/2025\/08\/Cuadro-de-la-Ultima-Cena-en-relieve-marv03006044-0.webp","type":"image\/webp"}],"twitter_card":"summary_large_image","twitter_misc":{"Availability":"In stock"},"schema":{"@context":"https:\/\/schema.org","@graph":[{"@type":"WebPage","@id":"https:\/\/articulosreligiosos.com\/en\/product\/table-of-the-last-supper-in-relief-93781\/","url":"https:\/\/articulosreligiosos.com\/en\/product\/table-of-the-last-supper-in-relief-93781\/","name":"Buy Table of the Last Supper in relief - Art\u00edculos Religiosos | Online Store","isPartOf":{"@id":"https:\/\/articulosreligiosos.com\/en\/#website"},"primaryImageOfPage":{"@id":"https:\/\/articulosreligiosos.com\/en\/product\/table-of-the-last-supper-in-relief-93781\/#primaryimage"},"image":{"@id":"https:\/\/articulosreligiosos.com\/en\/product\/table-of-the-last-supper-in-relief-93781\/#primaryimage"},"thumbnailUrl":"https:\/\/articulosreligiosos.com\/wp-content\/uploads\/2025\/08\/Cuadro-de-la-Ultima-Cena-en-relieve-marv03006044-0.webp","datePublished":"2017-03-05T22:57:39+00:00","dateModified":"2025-03-06T08:10:56+00:00","description":"Table of the Last Supper in relief, wood carving. ObservationsHigh-quality artisanal process, which guarantees a perfect finish and a truly spectacular presence.CharacteristicsOriginal product with a great artistic tradition made in Europe.General measurementsAvailable in the following sizes: 30x49, 55x88, 60x105 and 82x137 cm. (Height x Width)More informationAvailable upon request.Usually shipped within 7 days from the time of order.Consult us.The photograph corresponds to the untreated Natural Wood decoration.The photograph corresponds to the waxed wood decoration.The photograph corresponds to the decoration decorated with different shades of wood.The photograph corresponds to the Color decoration.The photograph corresponds to the untreated Natural Wood decoration.The photograph corresponds to the waxed wood decoration.The photograph corresponds to the decoration decorated with different shades of wood.The photograph corresponds to the Antique decoration.The photograph corresponds to the Color decoration.The photograph corresponds to the untreated Natural Wood decoration.The photograph corresponds to the waxed wood decoration.The photograph corresponds to the decoration decorated with different shades of wood.The photograph corresponds to the Antique decoration.The photograph corresponds to the Color decoration.The photograph corresponds to the untreated Natural Wood decoration.The photograph corresponds to the waxed wood decoration.The photograph corresponds to the Antique decoration.The photograph corresponds to the Color decoration.","breadcrumb":{"@id":"https:\/\/articulosreligiosos.com\/en\/product\/table-of-the-last-supper-in-relief-93781\/#breadcrumb"},"inLanguage":"en-US","potentialAction":[{"@type":"ReadAction","target":["https:\/\/articulosreligiosos.com\/en\/product\/table-of-the-last-supper-in-relief-93781\/"]}]},{"@type":"ImageObject","inLanguage":"en-US","@id":"https:\/\/articulosreligiosos.com\/en\/product\/table-of-the-last-supper-in-relief-93781\/#primaryimage","url":"https:\/\/articulosreligiosos.com\/wp-content\/uploads\/2025\/08\/Cuadro-de-la-Ultima-Cena-en-relieve-marv03006044-0.webp","contentUrl":"https:\/\/articulosreligiosos.com\/wp-content\/uploads\/2025\/08\/Cuadro-de-la-Ultima-Cena-en-relieve-marv03006044-0.webp","width":1100,"height":655},{"@type":"BreadcrumbList","@id":"https:\/\/articulosreligiosos.com\/en\/product\/table-of-the-last-supper-in-relief-93781\/#breadcrumb","itemListElement":[{"@type":"ListItem","position":1,"name":"Home","item":"https:\/\/articulosreligiosos.com\/en\/"},{"@type":"ListItem","position":2,"name":"Products"},{"@type":"ListItem","position":3,"name":"Table of the Last Supper in relief"}]},{"@type":"WebSite","@id":"https:\/\/articulosreligiosos.com\/en\/#website","url":"https:\/\/articulosreligiosos.com\/en\/","name":"Art\u00edculos Religiosos","description":"Tienda online | Fabricaci\u00f3n, restauraci\u00f3n y comercializaci\u00f3n de objetos religiosos al mejor precio y con el mejor servicio.","publisher":{"@id":"https:\/\/articulosreligiosos.com\/en\/#organization"},"potentialAction":[{"@type":"SearchAction","target":{"@type":"EntryPoint","urlTemplate":"https:\/\/articulosreligiosos.com\/en\/?s={search_term_string}"},"query-input":{"@type":"PropertyValueSpecification","valueRequired":true,"valueName":"search_term_string"}}],"inLanguage":"en-US"},{"@type":"Organization","@id":"https:\/\/articulosreligiosos.com\/en\/#organization","name":"Art\u00edculos Religiosos","url":"https:\/\/articulosreligiosos.com\/en\/","logo":{"@type":"ImageObject","inLanguage":"en-US","@id":"https:\/\/articulosreligiosos.com\/en\/#\/schema\/logo\/image\/","url":"https:\/\/articulosreligiosos.com\/wp-content\/uploads\/2023\/12\/newlogo-1.png","contentUrl":"https:\/\/articulosreligiosos.com\/wp-content\/uploads\/2023\/12\/newlogo-1.png","width":178,"height":114,"caption":"Art\u00edculos Religiosos"},"image":{"@id":"https:\/\/articulosreligiosos.com\/en\/#\/schema\/logo\/image\/"},"sameAs":["https:\/\/www.instagram.com\/articulosreligiosos.tienda\/"],"hasMerchantReturnPolicy":{"@type":"MerchantReturnPolicy","merchantReturnLink":"https:\/\/articulosreligiosos.com\/en\/refund-and-returns-policy\/"}}]},"og_availability":"instock","product_availability":"instock","product_retailer_item_id":"MARV03006044","product_condition":"new"},"_links":{"self":[{"href":"https:\/\/articulosreligiosos.com\/en\/wp-json\/wp\/v2\/product\/117816","targetHints":{"allow":["GET"]}}],"collection":[{"href":"https:\/\/articulosreligiosos.com\/en\/wp-json\/wp\/v2\/product"}],"about":[{"href":"https:\/\/articulosreligiosos.com\/en\/wp-json\/wp\/v2\/types\/product"}],"replies":[{"embeddable":true,"href":"https:\/\/articulosreligiosos.com\/en\/wp-json\/wp\/v2\/comments?post=117816"}],"wp:featuredmedia":[{"embeddable":true,"href":"https:\/\/articulosreligiosos.com\/en\/wp-json\/wp\/v2\/media\/336390"}],"wp:attachment":[{"href":"https:\/\/articulosreligiosos.com\/en\/wp-json\/wp\/v2\/media?parent=117816"}],"wp:term":[{"taxonomy":"product_brand","embeddable":true,"href":"https:\/\/articulosreligiosos.com\/en\/wp-json\/wp\/v2\/product_brand?post=117816"},{"taxonomy":"product_cat","embeddable":true,"href":"https:\/\/articulosreligiosos.com\/en\/wp-json\/wp\/v2\/product_cat?post=117816"},{"taxonomy":"product_tag","embeddable":true,"href":"https:\/\/articulosreligiosos.com\/en\/wp-json\/wp\/v2\/product_tag?post=117816"}],"curies":[{"name":"wp","href":"https:\/\/api.w.org\/{rel}","templated":true}]}}