{"id":113619,"date":"2017-03-05T22:22:44","date_gmt":"2017-03-05T22:22:44","guid":{"rendered":"https:\/\/articulosreligiosos.com\/product\/ram-with-base-92051\/"},"modified":"2025-03-05T10:26:16","modified_gmt":"2025-03-05T10:26:16","slug":"ram-with-base-92051","status":"publish","type":"product","link":"https:\/\/articulosreligiosos.com\/en\/product\/ram-with-base-92051\/","title":{"rendered":"Ram (with base)"},"content":{"rendered":"<p>Ram (with base) of high quality in noble woods. Normally in linden, maple or oak wood. Sculpture with a perfect finish.<\/p>\n","protected":false},"excerpt":{"rendered":"<p>Ram (with base), wood carving.<\/p>\n","protected":false},"featured_media":335468,"comment_status":"open","ping_status":"closed","template":"","meta":{"_acf_changed":false},"product_brand":[],"product_cat":[6910,6340,6349,6332],"product_tag":[],"class_list":{"0":"post-113619","1":"product","2":"type-product","3":"status-publish","4":"has-post-thumbnail","6":"product_cat-alpine-nativity-en","7":"product_cat-animals-crib-manger-sculptures-en","8":"product_cat-complete-nativities-en-nativities-nativity-cribs-crib-manger-en","9":"product_cat-nativities-nativity-cribs-crib-manger-en","10":"pa_altura-100-en","11":"pa_altura-120-en","12":"pa_altura-180-en","13":"pa_altura-270-en","14":"pa_decoracion_imagenes-colored-en-en","15":"pa_decoracion_imagenes-colored_antique-en","16":"pa_decoracion_imagenes-6c-disponibleenvariasdecoraci-en","17":"pa_decoracion_imagenes-natural-en","18":"pa_decoracion_imagenes-tones-en","19":"pa_decoracion_imagenes-waxed-en-en","20":"pa_decoraciones_general-available-in-various-decorations","21":"pa_disponibilidad-available-in-a-week","22":"pa_manufacturer-p030-en","23":"pa_material-woodcarving","24":"pa_materiales_general-woodcarving","26":"first","27":"instock","28":"taxable","29":"shipping-taxable","30":"purchasable","31":"product-type-variable","32":"rtwpvs-product"},"acf":[],"yoast_head":"<!-- This site is optimized with the Yoast SEO Premium plugin v27.2 (Yoast SEO v27.2) - https:\/\/yoast.com\/product\/yoast-seo-premium-wordpress\/ -->\n<title>Buy Ram (with base) - Art\u00edculos Religiosos | Online Store<\/title>\n<meta name=\"description\" content=\"Ram (with base), wood carving.\" \/>\n<meta name=\"robots\" content=\"index, follow, max-snippet:-1, max-image-preview:large, max-video-preview:-1\" \/>\n<link rel=\"canonical\" href=\"https:\/\/articulosreligiosos.com\/en\/product\/ram-with-base-92051\/\" \/>\n<meta property=\"og:locale\" content=\"en_US\" \/>\n<meta property=\"og:type\" content=\"article\" \/>\n<meta property=\"og:title\" content=\"Ram (with base)\" \/>\n<meta property=\"og:description\" content=\"Ram (with base), wood carving.\" \/>\n<meta property=\"og:url\" content=\"https:\/\/articulosreligiosos.com\/en\/product\/ram-with-base-92051\/\" \/>\n<meta property=\"og:site_name\" content=\"articulosreligiosos.com\" \/>\n<meta property=\"article:modified_time\" content=\"2025-03-05T10:26:16+00:00\" \/>\n<meta property=\"og:image\" content=\"https:\/\/articulosreligiosos.com\/wp-content\/uploads\/2025\/08\/Carnero-con-base-maam03009064s-0.webp\" \/>\n\t<meta property=\"og:image:width\" content=\"1000\" \/>\n\t<meta property=\"og:image:height\" content=\"857\" \/>\n\t<meta property=\"og:image:type\" content=\"image\/webp\" \/>\n<meta name=\"twitter:card\" content=\"summary_large_image\" \/>\n<meta name=\"twitter:label1\" content=\"Availability\" \/>\n\t<meta name=\"twitter:data1\" content=\"In stock\" \/>\n<script type=\"application\/ld+json\" class=\"yoast-schema-graph\">{\"@context\":\"https:\/\/schema.org\",\"@graph\":[{\"@type\":\"WebPage\",\"@id\":\"https:\/\/articulosreligiosos.com\/en\/product\/ram-with-base-92051\/\",\"url\":\"https:\/\/articulosreligiosos.com\/en\/product\/ram-with-base-92051\/\",\"name\":\"Buy Ram (with base) - Art\u00edculos Religiosos | Online Store\",\"isPartOf\":{\"@id\":\"https:\/\/articulosreligiosos.com\/en\/#website\"},\"primaryImageOfPage\":{\"@id\":\"https:\/\/articulosreligiosos.com\/en\/product\/ram-with-base-92051\/#primaryimage\"},\"image\":{\"@id\":\"https:\/\/articulosreligiosos.com\/en\/product\/ram-with-base-92051\/#primaryimage\"},\"thumbnailUrl\":\"https:\/\/articulosreligiosos.com\/wp-content\/uploads\/2025\/08\/Carnero-con-base-maam03009064s-0.webp\",\"datePublished\":\"2017-03-05T22:22:44+00:00\",\"dateModified\":\"2025-03-05T10:26:16+00:00\",\"description\":\"Ram (with base), wood carving.\",\"breadcrumb\":{\"@id\":\"https:\/\/articulosreligiosos.com\/en\/product\/ram-with-base-92051\/#breadcrumb\"},\"inLanguage\":\"en-US\",\"potentialAction\":[{\"@type\":\"ReadAction\",\"target\":[\"https:\/\/articulosreligiosos.com\/en\/product\/ram-with-base-92051\/\"]}]},{\"@type\":\"ImageObject\",\"inLanguage\":\"en-US\",\"@id\":\"https:\/\/articulosreligiosos.com\/en\/product\/ram-with-base-92051\/#primaryimage\",\"url\":\"https:\/\/articulosreligiosos.com\/wp-content\/uploads\/2025\/08\/Carnero-con-base-maam03009064s-0.webp\",\"contentUrl\":\"https:\/\/articulosreligiosos.com\/wp-content\/uploads\/2025\/08\/Carnero-con-base-maam03009064s-0.webp\",\"width\":1000,\"height\":857},{\"@type\":\"BreadcrumbList\",\"@id\":\"https:\/\/articulosreligiosos.com\/en\/product\/ram-with-base-92051\/#breadcrumb\",\"itemListElement\":[{\"@type\":\"ListItem\",\"position\":1,\"name\":\"Home\",\"item\":\"https:\/\/articulosreligiosos.com\/en\/\"},{\"@type\":\"ListItem\",\"position\":2,\"name\":\"Products\"},{\"@type\":\"ListItem\",\"position\":3,\"name\":\"Ram (with base)\"}]},{\"@type\":\"WebSite\",\"@id\":\"https:\/\/articulosreligiosos.com\/en\/#website\",\"url\":\"https:\/\/articulosreligiosos.com\/en\/\",\"name\":\"Art\u00edculos Religiosos\",\"description\":\"Tienda online | Fabricaci\u00f3n, restauraci\u00f3n y comercializaci\u00f3n de objetos religiosos al mejor precio y con el mejor servicio.\",\"publisher\":{\"@id\":\"https:\/\/articulosreligiosos.com\/en\/#organization\"},\"potentialAction\":[{\"@type\":\"SearchAction\",\"target\":{\"@type\":\"EntryPoint\",\"urlTemplate\":\"https:\/\/articulosreligiosos.com\/en\/?s={search_term_string}\"},\"query-input\":{\"@type\":\"PropertyValueSpecification\",\"valueRequired\":true,\"valueName\":\"search_term_string\"}}],\"inLanguage\":\"en-US\"},{\"@type\":\"Organization\",\"@id\":\"https:\/\/articulosreligiosos.com\/en\/#organization\",\"name\":\"Art\u00edculos Religiosos\",\"url\":\"https:\/\/articulosreligiosos.com\/en\/\",\"logo\":{\"@type\":\"ImageObject\",\"inLanguage\":\"en-US\",\"@id\":\"https:\/\/articulosreligiosos.com\/en\/#\/schema\/logo\/image\/\",\"url\":\"https:\/\/articulosreligiosos.com\/wp-content\/uploads\/2023\/12\/newlogo-1.png\",\"contentUrl\":\"https:\/\/articulosreligiosos.com\/wp-content\/uploads\/2023\/12\/newlogo-1.png\",\"width\":178,\"height\":114,\"caption\":\"Art\u00edculos Religiosos\"},\"image\":{\"@id\":\"https:\/\/articulosreligiosos.com\/en\/#\/schema\/logo\/image\/\"},\"sameAs\":[\"https:\/\/www.instagram.com\/articulosreligiosos.tienda\/\"],\"hasMerchantReturnPolicy\":{\"@type\":\"MerchantReturnPolicy\",\"merchantReturnLink\":\"https:\/\/articulosreligiosos.com\/en\/refund-and-returns-policy\/\"}}]}<\/script>\n<meta property=\"og:availability\" content=\"instock\" \/>\n<meta property=\"product:availability\" content=\"instock\" \/>\n<meta property=\"product:retailer_item_id\" content=\"MAAM03009064S\" \/>\n<meta property=\"product:condition\" content=\"new\" \/>\n<!-- \/ Yoast SEO Premium plugin. -->","yoast_head_json":{"title":"Buy Ram (with base) - Art\u00edculos Religiosos | Online Store","description":"Ram (with base), wood carving.","robots":{"index":"index","follow":"follow","max-snippet":"max-snippet:-1","max-image-preview":"max-image-preview:large","max-video-preview":"max-video-preview:-1"},"canonical":"https:\/\/articulosreligiosos.com\/en\/product\/ram-with-base-92051\/","og_locale":"en_US","og_type":"article","og_title":"Ram (with base)","og_description":"Ram (with base), wood carving.","og_url":"https:\/\/articulosreligiosos.com\/en\/product\/ram-with-base-92051\/","og_site_name":"articulosreligiosos.com","article_modified_time":"2025-03-05T10:26:16+00:00","og_image":[{"width":1000,"height":857,"url":"https:\/\/articulosreligiosos.com\/wp-content\/uploads\/2025\/08\/Carnero-con-base-maam03009064s-0.webp","type":"image\/webp"}],"twitter_card":"summary_large_image","twitter_misc":{"Availability":"In stock"},"schema":{"@context":"https:\/\/schema.org","@graph":[{"@type":"WebPage","@id":"https:\/\/articulosreligiosos.com\/en\/product\/ram-with-base-92051\/","url":"https:\/\/articulosreligiosos.com\/en\/product\/ram-with-base-92051\/","name":"Buy Ram (with base) - Art\u00edculos Religiosos | Online Store","isPartOf":{"@id":"https:\/\/articulosreligiosos.com\/en\/#website"},"primaryImageOfPage":{"@id":"https:\/\/articulosreligiosos.com\/en\/product\/ram-with-base-92051\/#primaryimage"},"image":{"@id":"https:\/\/articulosreligiosos.com\/en\/product\/ram-with-base-92051\/#primaryimage"},"thumbnailUrl":"https:\/\/articulosreligiosos.com\/wp-content\/uploads\/2025\/08\/Carnero-con-base-maam03009064s-0.webp","datePublished":"2017-03-05T22:22:44+00:00","dateModified":"2025-03-05T10:26:16+00:00","description":"Ram (with base), wood carving.","breadcrumb":{"@id":"https:\/\/articulosreligiosos.com\/en\/product\/ram-with-base-92051\/#breadcrumb"},"inLanguage":"en-US","potentialAction":[{"@type":"ReadAction","target":["https:\/\/articulosreligiosos.com\/en\/product\/ram-with-base-92051\/"]}]},{"@type":"ImageObject","inLanguage":"en-US","@id":"https:\/\/articulosreligiosos.com\/en\/product\/ram-with-base-92051\/#primaryimage","url":"https:\/\/articulosreligiosos.com\/wp-content\/uploads\/2025\/08\/Carnero-con-base-maam03009064s-0.webp","contentUrl":"https:\/\/articulosreligiosos.com\/wp-content\/uploads\/2025\/08\/Carnero-con-base-maam03009064s-0.webp","width":1000,"height":857},{"@type":"BreadcrumbList","@id":"https:\/\/articulosreligiosos.com\/en\/product\/ram-with-base-92051\/#breadcrumb","itemListElement":[{"@type":"ListItem","position":1,"name":"Home","item":"https:\/\/articulosreligiosos.com\/en\/"},{"@type":"ListItem","position":2,"name":"Products"},{"@type":"ListItem","position":3,"name":"Ram (with base)"}]},{"@type":"WebSite","@id":"https:\/\/articulosreligiosos.com\/en\/#website","url":"https:\/\/articulosreligiosos.com\/en\/","name":"Art\u00edculos Religiosos","description":"Tienda online | Fabricaci\u00f3n, restauraci\u00f3n y comercializaci\u00f3n de objetos religiosos al mejor precio y con el mejor servicio.","publisher":{"@id":"https:\/\/articulosreligiosos.com\/en\/#organization"},"potentialAction":[{"@type":"SearchAction","target":{"@type":"EntryPoint","urlTemplate":"https:\/\/articulosreligiosos.com\/en\/?s={search_term_string}"},"query-input":{"@type":"PropertyValueSpecification","valueRequired":true,"valueName":"search_term_string"}}],"inLanguage":"en-US"},{"@type":"Organization","@id":"https:\/\/articulosreligiosos.com\/en\/#organization","name":"Art\u00edculos Religiosos","url":"https:\/\/articulosreligiosos.com\/en\/","logo":{"@type":"ImageObject","inLanguage":"en-US","@id":"https:\/\/articulosreligiosos.com\/en\/#\/schema\/logo\/image\/","url":"https:\/\/articulosreligiosos.com\/wp-content\/uploads\/2023\/12\/newlogo-1.png","contentUrl":"https:\/\/articulosreligiosos.com\/wp-content\/uploads\/2023\/12\/newlogo-1.png","width":178,"height":114,"caption":"Art\u00edculos Religiosos"},"image":{"@id":"https:\/\/articulosreligiosos.com\/en\/#\/schema\/logo\/image\/"},"sameAs":["https:\/\/www.instagram.com\/articulosreligiosos.tienda\/"],"hasMerchantReturnPolicy":{"@type":"MerchantReturnPolicy","merchantReturnLink":"https:\/\/articulosreligiosos.com\/en\/refund-and-returns-policy\/"}}]},"og_availability":"instock","product_availability":"instock","product_retailer_item_id":"MAAM03009064S","product_condition":"new"},"_links":{"self":[{"href":"https:\/\/articulosreligiosos.com\/en\/wp-json\/wp\/v2\/product\/113619","targetHints":{"allow":["GET"]}}],"collection":[{"href":"https:\/\/articulosreligiosos.com\/en\/wp-json\/wp\/v2\/product"}],"about":[{"href":"https:\/\/articulosreligiosos.com\/en\/wp-json\/wp\/v2\/types\/product"}],"replies":[{"embeddable":true,"href":"https:\/\/articulosreligiosos.com\/en\/wp-json\/wp\/v2\/comments?post=113619"}],"wp:featuredmedia":[{"embeddable":true,"href":"https:\/\/articulosreligiosos.com\/en\/wp-json\/wp\/v2\/media\/335468"}],"wp:attachment":[{"href":"https:\/\/articulosreligiosos.com\/en\/wp-json\/wp\/v2\/media?parent=113619"}],"wp:term":[{"taxonomy":"product_brand","embeddable":true,"href":"https:\/\/articulosreligiosos.com\/en\/wp-json\/wp\/v2\/product_brand?post=113619"},{"taxonomy":"product_cat","embeddable":true,"href":"https:\/\/articulosreligiosos.com\/en\/wp-json\/wp\/v2\/product_cat?post=113619"},{"taxonomy":"product_tag","embeddable":true,"href":"https:\/\/articulosreligiosos.com\/en\/wp-json\/wp\/v2\/product_tag?post=113619"}],"curies":[{"name":"wp","href":"https:\/\/api.w.org\/{rel}","templated":true}]}}