{"id":105494,"date":"2017-03-05T22:21:40","date_gmt":"2017-03-05T22:21:40","guid":{"rendered":"https:\/\/articulosreligiosos.com\/product\/musical-angel-trumpet-with-bouquet-of-flowers-88577\/"},"modified":"2025-05-18T12:05:34","modified_gmt":"2025-05-18T12:05:34","slug":"musical-angel-trumpet-with-bouquet-of-flowers-88577","status":"publish","type":"product","link":"https:\/\/articulosreligiosos.com\/en\/product\/musical-angel-trumpet-with-bouquet-of-flowers-88577\/","title":{"rendered":"Musical angel trumpet with bouquet of flowers"},"content":{"rendered":"<p>Musical Angel Trumpet with Bouquet of Flowers<\/p>\n<p> This religious <strong>wooden<\/strong> image stands out for its careful craftsmanship.<\/p>\n<p> Tradition that excites<\/p>\n<p> Perfect for prayer spaces or as a meaningful gift.<br \/> Visit our complete collection of <a href=\"https:\/\/articulosreligiosos.com\/en\/product-category\/religious-statues-religious-sculptures-catholic-statues-en\/\" target=\"_blank\">religious imagery<\/a> .<\/p>\n","protected":false},"excerpt":{"rendered":"<p>Musical angel trumpet with bouquet of flowers, wood carving.<\/p>\n","protected":false},"featured_media":334998,"comment_status":"open","ping_status":"closed","template":"","meta":{"_acf_changed":false},"product_brand":[],"product_cat":[6290,6258],"product_tag":[],"class_list":{"0":"post-105494","1":"product","2":"type-product","3":"status-publish","4":"has-post-thumbnail","6":"product_cat-angels-religious-images-en","7":"product_cat-religious-statues-religious-sculptures-catholic-statues-en","8":"pa_altura-120-en","9":"pa_altura-200-en","10":"pa_altura-250-en","11":"pa_altura-360-en","12":"pa_decoracion_imagenes-c9-availableinseveraldecorati-en","13":"pa_decoracion_imagenes-colored-en-en","14":"pa_decoracion_imagenes-colored_antique-en","15":"pa_decoracion_imagenes-natural-en","16":"pa_decoracion_imagenes-vintagegold24k-en","17":"pa_decoracion_imagenes-waxed-en-en","18":"pa_decoraciones_general-available-in-various-decorations","19":"pa_disponibilidad-available-in-a-week","20":"pa_manufacturer-p030-en","21":"pa_material-woodcarving","22":"pa_materiales_general-woodcarving","24":"first","25":"instock","26":"taxable","27":"shipping-taxable","28":"purchasable","29":"product-type-variable","30":"rtwpvs-product"},"acf":[],"yoast_head":"<!-- This site is optimized with the Yoast SEO Premium plugin v27.2 (Yoast SEO v27.2) - https:\/\/yoast.com\/product\/yoast-seo-premium-wordpress\/ -->\n<title>Buy a musical angel trumpet with a religious flower bouquet at the best price<\/title>\n<meta name=\"description\" content=\"Get a musical angel trumpet with a bouquet of flowers and fill your home with spirituality. Quality and fast shipping. Buy it now!\" \/>\n<meta name=\"robots\" content=\"index, follow, max-snippet:-1, max-image-preview:large, max-video-preview:-1\" \/>\n<link rel=\"canonical\" href=\"https:\/\/articulosreligiosos.com\/en\/product\/musical-angel-trumpet-with-bouquet-of-flowers-88577\/\" \/>\n<meta property=\"og:locale\" content=\"en_US\" \/>\n<meta property=\"og:type\" content=\"article\" \/>\n<meta property=\"og:title\" content=\"Musical angel trumpet with bouquet of flowers\" \/>\n<meta property=\"og:description\" content=\"Get a musical angel trumpet with a bouquet of flowers and fill your home with spirituality. Quality and fast shipping. Buy it now!\" \/>\n<meta property=\"og:url\" content=\"https:\/\/articulosreligiosos.com\/en\/product\/musical-angel-trumpet-with-bouquet-of-flowers-88577\/\" \/>\n<meta property=\"og:site_name\" content=\"articulosreligiosos.com\" \/>\n<meta property=\"article:modified_time\" content=\"2025-05-18T12:05:34+00:00\" \/>\n<meta property=\"og:image\" content=\"https:\/\/articulosreligiosos.com\/wp-content\/uploads\/2025\/08\/Angel-musical-trompeta-con-Ramo-de-Flores-maan03006064r-0.webp\" \/>\n\t<meta property=\"og:image:width\" content=\"433\" \/>\n\t<meta property=\"og:image:height\" content=\"1000\" \/>\n\t<meta property=\"og:image:type\" content=\"image\/webp\" \/>\n<meta name=\"twitter:card\" content=\"summary_large_image\" \/>\n<meta name=\"twitter:label1\" content=\"Availability\" \/>\n\t<meta name=\"twitter:data1\" content=\"In stock\" \/>\n<script type=\"application\/ld+json\" class=\"yoast-schema-graph\">{\"@context\":\"https:\/\/schema.org\",\"@graph\":[{\"@type\":\"WebPage\",\"@id\":\"https:\/\/articulosreligiosos.com\/en\/product\/musical-angel-trumpet-with-bouquet-of-flowers-88577\/\",\"url\":\"https:\/\/articulosreligiosos.com\/en\/product\/musical-angel-trumpet-with-bouquet-of-flowers-88577\/\",\"name\":\"Buy a musical angel trumpet with a religious flower bouquet at the best price\",\"isPartOf\":{\"@id\":\"https:\/\/articulosreligiosos.com\/en\/#website\"},\"primaryImageOfPage\":{\"@id\":\"https:\/\/articulosreligiosos.com\/en\/product\/musical-angel-trumpet-with-bouquet-of-flowers-88577\/#primaryimage\"},\"image\":{\"@id\":\"https:\/\/articulosreligiosos.com\/en\/product\/musical-angel-trumpet-with-bouquet-of-flowers-88577\/#primaryimage\"},\"thumbnailUrl\":\"https:\/\/articulosreligiosos.com\/wp-content\/uploads\/2025\/08\/Angel-musical-trompeta-con-Ramo-de-Flores-maan03006064r-0.webp\",\"datePublished\":\"2017-03-05T22:21:40+00:00\",\"dateModified\":\"2025-05-18T12:05:34+00:00\",\"description\":\"Get a musical angel trumpet with a bouquet of flowers and fill your home with spirituality. Quality and fast shipping. Buy it now!\",\"breadcrumb\":{\"@id\":\"https:\/\/articulosreligiosos.com\/en\/product\/musical-angel-trumpet-with-bouquet-of-flowers-88577\/#breadcrumb\"},\"inLanguage\":\"en-US\",\"potentialAction\":[{\"@type\":\"ReadAction\",\"target\":[\"https:\/\/articulosreligiosos.com\/en\/product\/musical-angel-trumpet-with-bouquet-of-flowers-88577\/\"]}]},{\"@type\":\"ImageObject\",\"inLanguage\":\"en-US\",\"@id\":\"https:\/\/articulosreligiosos.com\/en\/product\/musical-angel-trumpet-with-bouquet-of-flowers-88577\/#primaryimage\",\"url\":\"https:\/\/articulosreligiosos.com\/wp-content\/uploads\/2025\/08\/Angel-musical-trompeta-con-Ramo-de-Flores-maan03006064r-0.webp\",\"contentUrl\":\"https:\/\/articulosreligiosos.com\/wp-content\/uploads\/2025\/08\/Angel-musical-trompeta-con-Ramo-de-Flores-maan03006064r-0.webp\",\"width\":433,\"height\":1000},{\"@type\":\"BreadcrumbList\",\"@id\":\"https:\/\/articulosreligiosos.com\/en\/product\/musical-angel-trumpet-with-bouquet-of-flowers-88577\/#breadcrumb\",\"itemListElement\":[{\"@type\":\"ListItem\",\"position\":1,\"name\":\"Home\",\"item\":\"https:\/\/articulosreligiosos.com\/en\/\"},{\"@type\":\"ListItem\",\"position\":2,\"name\":\"Products\"},{\"@type\":\"ListItem\",\"position\":3,\"name\":\"Musical angel trumpet with bouquet of flowers\"}]},{\"@type\":\"WebSite\",\"@id\":\"https:\/\/articulosreligiosos.com\/en\/#website\",\"url\":\"https:\/\/articulosreligiosos.com\/en\/\",\"name\":\"Art\u00edculos Religiosos\",\"description\":\"Tienda online | Fabricaci\u00f3n, restauraci\u00f3n y comercializaci\u00f3n de objetos religiosos al mejor precio y con el mejor servicio.\",\"publisher\":{\"@id\":\"https:\/\/articulosreligiosos.com\/en\/#organization\"},\"potentialAction\":[{\"@type\":\"SearchAction\",\"target\":{\"@type\":\"EntryPoint\",\"urlTemplate\":\"https:\/\/articulosreligiosos.com\/en\/?s={search_term_string}\"},\"query-input\":{\"@type\":\"PropertyValueSpecification\",\"valueRequired\":true,\"valueName\":\"search_term_string\"}}],\"inLanguage\":\"en-US\"},{\"@type\":\"Organization\",\"@id\":\"https:\/\/articulosreligiosos.com\/en\/#organization\",\"name\":\"Art\u00edculos Religiosos\",\"url\":\"https:\/\/articulosreligiosos.com\/en\/\",\"logo\":{\"@type\":\"ImageObject\",\"inLanguage\":\"en-US\",\"@id\":\"https:\/\/articulosreligiosos.com\/en\/#\/schema\/logo\/image\/\",\"url\":\"https:\/\/articulosreligiosos.com\/wp-content\/uploads\/2023\/12\/newlogo-1.png\",\"contentUrl\":\"https:\/\/articulosreligiosos.com\/wp-content\/uploads\/2023\/12\/newlogo-1.png\",\"width\":178,\"height\":114,\"caption\":\"Art\u00edculos Religiosos\"},\"image\":{\"@id\":\"https:\/\/articulosreligiosos.com\/en\/#\/schema\/logo\/image\/\"},\"sameAs\":[\"https:\/\/www.instagram.com\/articulosreligiosos.tienda\/\"],\"hasMerchantReturnPolicy\":{\"@type\":\"MerchantReturnPolicy\",\"merchantReturnLink\":\"https:\/\/articulosreligiosos.com\/en\/refund-and-returns-policy\/\"}}]}<\/script>\n<meta property=\"og:availability\" content=\"instock\" \/>\n<meta property=\"product:availability\" content=\"instock\" \/>\n<meta property=\"product:retailer_item_id\" content=\"MAAN03006064R\" \/>\n<meta property=\"product:condition\" content=\"new\" \/>\n<!-- \/ Yoast SEO Premium plugin. -->","yoast_head_json":{"title":"Buy a musical angel trumpet with a religious flower bouquet at the best price","description":"Get a musical angel trumpet with a bouquet of flowers and fill your home with spirituality. Quality and fast shipping. Buy it now!","robots":{"index":"index","follow":"follow","max-snippet":"max-snippet:-1","max-image-preview":"max-image-preview:large","max-video-preview":"max-video-preview:-1"},"canonical":"https:\/\/articulosreligiosos.com\/en\/product\/musical-angel-trumpet-with-bouquet-of-flowers-88577\/","og_locale":"en_US","og_type":"article","og_title":"Musical angel trumpet with bouquet of flowers","og_description":"Get a musical angel trumpet with a bouquet of flowers and fill your home with spirituality. Quality and fast shipping. Buy it now!","og_url":"https:\/\/articulosreligiosos.com\/en\/product\/musical-angel-trumpet-with-bouquet-of-flowers-88577\/","og_site_name":"articulosreligiosos.com","article_modified_time":"2025-05-18T12:05:34+00:00","og_image":[{"width":433,"height":1000,"url":"https:\/\/articulosreligiosos.com\/wp-content\/uploads\/2025\/08\/Angel-musical-trompeta-con-Ramo-de-Flores-maan03006064r-0.webp","type":"image\/webp"}],"twitter_card":"summary_large_image","twitter_misc":{"Availability":"In stock"},"schema":{"@context":"https:\/\/schema.org","@graph":[{"@type":"WebPage","@id":"https:\/\/articulosreligiosos.com\/en\/product\/musical-angel-trumpet-with-bouquet-of-flowers-88577\/","url":"https:\/\/articulosreligiosos.com\/en\/product\/musical-angel-trumpet-with-bouquet-of-flowers-88577\/","name":"Buy a musical angel trumpet with a religious flower bouquet at the best price","isPartOf":{"@id":"https:\/\/articulosreligiosos.com\/en\/#website"},"primaryImageOfPage":{"@id":"https:\/\/articulosreligiosos.com\/en\/product\/musical-angel-trumpet-with-bouquet-of-flowers-88577\/#primaryimage"},"image":{"@id":"https:\/\/articulosreligiosos.com\/en\/product\/musical-angel-trumpet-with-bouquet-of-flowers-88577\/#primaryimage"},"thumbnailUrl":"https:\/\/articulosreligiosos.com\/wp-content\/uploads\/2025\/08\/Angel-musical-trompeta-con-Ramo-de-Flores-maan03006064r-0.webp","datePublished":"2017-03-05T22:21:40+00:00","dateModified":"2025-05-18T12:05:34+00:00","description":"Get a musical angel trumpet with a bouquet of flowers and fill your home with spirituality. Quality and fast shipping. Buy it now!","breadcrumb":{"@id":"https:\/\/articulosreligiosos.com\/en\/product\/musical-angel-trumpet-with-bouquet-of-flowers-88577\/#breadcrumb"},"inLanguage":"en-US","potentialAction":[{"@type":"ReadAction","target":["https:\/\/articulosreligiosos.com\/en\/product\/musical-angel-trumpet-with-bouquet-of-flowers-88577\/"]}]},{"@type":"ImageObject","inLanguage":"en-US","@id":"https:\/\/articulosreligiosos.com\/en\/product\/musical-angel-trumpet-with-bouquet-of-flowers-88577\/#primaryimage","url":"https:\/\/articulosreligiosos.com\/wp-content\/uploads\/2025\/08\/Angel-musical-trompeta-con-Ramo-de-Flores-maan03006064r-0.webp","contentUrl":"https:\/\/articulosreligiosos.com\/wp-content\/uploads\/2025\/08\/Angel-musical-trompeta-con-Ramo-de-Flores-maan03006064r-0.webp","width":433,"height":1000},{"@type":"BreadcrumbList","@id":"https:\/\/articulosreligiosos.com\/en\/product\/musical-angel-trumpet-with-bouquet-of-flowers-88577\/#breadcrumb","itemListElement":[{"@type":"ListItem","position":1,"name":"Home","item":"https:\/\/articulosreligiosos.com\/en\/"},{"@type":"ListItem","position":2,"name":"Products"},{"@type":"ListItem","position":3,"name":"Musical angel trumpet with bouquet of flowers"}]},{"@type":"WebSite","@id":"https:\/\/articulosreligiosos.com\/en\/#website","url":"https:\/\/articulosreligiosos.com\/en\/","name":"Art\u00edculos Religiosos","description":"Tienda online | Fabricaci\u00f3n, restauraci\u00f3n y comercializaci\u00f3n de objetos religiosos al mejor precio y con el mejor servicio.","publisher":{"@id":"https:\/\/articulosreligiosos.com\/en\/#organization"},"potentialAction":[{"@type":"SearchAction","target":{"@type":"EntryPoint","urlTemplate":"https:\/\/articulosreligiosos.com\/en\/?s={search_term_string}"},"query-input":{"@type":"PropertyValueSpecification","valueRequired":true,"valueName":"search_term_string"}}],"inLanguage":"en-US"},{"@type":"Organization","@id":"https:\/\/articulosreligiosos.com\/en\/#organization","name":"Art\u00edculos Religiosos","url":"https:\/\/articulosreligiosos.com\/en\/","logo":{"@type":"ImageObject","inLanguage":"en-US","@id":"https:\/\/articulosreligiosos.com\/en\/#\/schema\/logo\/image\/","url":"https:\/\/articulosreligiosos.com\/wp-content\/uploads\/2023\/12\/newlogo-1.png","contentUrl":"https:\/\/articulosreligiosos.com\/wp-content\/uploads\/2023\/12\/newlogo-1.png","width":178,"height":114,"caption":"Art\u00edculos Religiosos"},"image":{"@id":"https:\/\/articulosreligiosos.com\/en\/#\/schema\/logo\/image\/"},"sameAs":["https:\/\/www.instagram.com\/articulosreligiosos.tienda\/"],"hasMerchantReturnPolicy":{"@type":"MerchantReturnPolicy","merchantReturnLink":"https:\/\/articulosreligiosos.com\/en\/refund-and-returns-policy\/"}}]},"og_availability":"instock","product_availability":"instock","product_retailer_item_id":"MAAN03006064R","product_condition":"new"},"_links":{"self":[{"href":"https:\/\/articulosreligiosos.com\/en\/wp-json\/wp\/v2\/product\/105494","targetHints":{"allow":["GET"]}}],"collection":[{"href":"https:\/\/articulosreligiosos.com\/en\/wp-json\/wp\/v2\/product"}],"about":[{"href":"https:\/\/articulosreligiosos.com\/en\/wp-json\/wp\/v2\/types\/product"}],"replies":[{"embeddable":true,"href":"https:\/\/articulosreligiosos.com\/en\/wp-json\/wp\/v2\/comments?post=105494"}],"wp:featuredmedia":[{"embeddable":true,"href":"https:\/\/articulosreligiosos.com\/en\/wp-json\/wp\/v2\/media\/334998"}],"wp:attachment":[{"href":"https:\/\/articulosreligiosos.com\/en\/wp-json\/wp\/v2\/media?parent=105494"}],"wp:term":[{"taxonomy":"product_brand","embeddable":true,"href":"https:\/\/articulosreligiosos.com\/en\/wp-json\/wp\/v2\/product_brand?post=105494"},{"taxonomy":"product_cat","embeddable":true,"href":"https:\/\/articulosreligiosos.com\/en\/wp-json\/wp\/v2\/product_cat?post=105494"},{"taxonomy":"product_tag","embeddable":true,"href":"https:\/\/articulosreligiosos.com\/en\/wp-json\/wp\/v2\/product_tag?post=105494"}],"curies":[{"name":"wp","href":"https:\/\/api.w.org\/{rel}","templated":true}]}}