{"id":222737,"date":"2023-12-14T03:46:42","date_gmt":"2023-12-14T03:46:42","guid":{"rendered":"https:\/\/articulosreligiosos.com\/?page_id=1139"},"modified":"2025-01-07T06:46:57","modified_gmt":"2025-01-07T06:46:57","slug":"blogs","status":"publish","type":"page","link":"https:\/\/articulosreligiosos.com\/en\/blogs\/","title":{"rendered":"Blog"},"content":{"rendered":"\t\t<div data-elementor-type=\"wp-page\" data-elementor-id=\"222737\" class=\"elementor elementor-222737\">\n\t\t\t\t<div class=\"elementor-element elementor-element-76dabf58 e-flex e-con-boxed e-con e-parent\" data-id=\"76dabf58\" data-element_type=\"container\" data-e-type=\"container\" data-settings=\"{&quot;background_background&quot;:&quot;classic&quot;}\">\n\t\t\t\t\t<div class=\"e-con-inner\">\n\t\t\t\t<div class=\"elementor-element elementor-element-3415beb primeHeading elementor-widget elementor-widget-heading\" data-id=\"3415beb\" data-element_type=\"widget\" data-e-type=\"widget\" data-widget_type=\"heading.default\">\n\t\t\t\t<div class=\"elementor-widget-container\">\n\t\t\t\t\t<h1 class=\"elementor-heading-title elementor-size-default\">Blog<\/h1>\t\t\t\t<\/div>\n\t\t\t\t<\/div>\n\t\t\t\t\t<\/div>\n\t\t\t\t<\/div>\n\t\t<div class=\"elementor-element elementor-element-94ba4e6 e-flex e-con-boxed e-con e-parent\" data-id=\"94ba4e6\" data-element_type=\"container\" data-e-type=\"container\">\n\t\t\t\t\t<div class=\"e-con-inner\">\n\t\t\t\t<div class=\"elementor-element elementor-element-79d60e0 elementor-widget elementor-widget-shortcode\" data-id=\"79d60e0\" data-element_type=\"widget\" data-e-type=\"widget\" data-widget_type=\"shortcode.default\">\n\t\t\t\t<div class=\"elementor-widget-container\">\n\t\t\t\t\t\t\t<div class=\"elementor-shortcode\"><div class=\"blopage\">\n  <div class=\"accordion\" id=\"accordionExample\">\n    <div class=\"row\">\n      <div class=\"col-md-8 col-lg-9\">\n        <div class=\"row image-setup\">\n                    <div class=\"col-md-6 col-lg-4 mb-3\">\n            <div class=\"bestsellerProduct \">\n              <div class=\"bestsellerproimg\">\n                <a href=\"https:\/\/articulosreligiosos.com\/en\/saint-michael-the-archangel-protector-and-defender-of-the-faith\/\">\n                  <img decoding=\"async\" src=\"https:\/\/articulosreligiosos.com\/wp-content\/uploads\/2025\/02\/San-Miguel-1_1350x900_webp.webp\" alt=\"img\" class=\"img-fluid\">\n                <\/a>\n              <\/div>\n              <div class=\"bestprodes\">\n                <h3 class=\"bestproTtiel\"><a\n                    href=\"https:\/\/articulosreligiosos.com\/en\/saint-michael-the-archangel-protector-and-defender-of-the-faith\/\">&#8220;Saint Michael the Archangel: Protector and Defender of the Faith&#8221;<\/a><\/h3>\n                <div class=\"blogdate\"><span>articulosreligiosos<\/span>\n                  <strong>Feb 05, 2025<\/strong>\n                <\/div>\n                <div class=\"blogdes\">Saint Michael the Archangel is one of the most venerated figures in the Catholic tradition, recognized as the leader of...<\/div>\n              <\/div>\n            <\/div>\n          <\/div>\n                    <div class=\"col-md-6 col-lg-4 mb-3\">\n            <div class=\"bestsellerProduct \">\n              <div class=\"bestsellerproimg\">\n                <a href=\"https:\/\/articulosreligiosos.com\/en\/the-medal-of-saint-benedict-symbol-of-faith-protection-and-victory-over-evil\/\">\n                  <img decoding=\"async\" src=\"https:\/\/articulosreligiosos.com\/wp-content\/uploads\/2023\/12\/P_san_benito.webp\" alt=\"img\" class=\"img-fluid\">\n                <\/a>\n              <\/div>\n              <div class=\"bestprodes\">\n                <h3 class=\"bestproTtiel\"><a\n                    href=\"https:\/\/articulosreligiosos.com\/en\/the-medal-of-saint-benedict-symbol-of-faith-protection-and-victory-over-evil\/\">&#8220;The Medal of Saint Benedict: Symbol of Faith, Protection, and Victory over Evil&#8221;<\/a><\/h3>\n                <div class=\"blogdate\"><span>Articulos Religiosos<\/span>\n                  <strong>Feb 04, 2025<\/strong>\n                <\/div>\n                <div class=\"blogdes\">The Medal of Saint Benedict of Nursia is one of the most venerated sacramentals in the Catholic tradition, recognized for...<\/div>\n              <\/div>\n            <\/div>\n          <\/div>\n                    <div class=\"col-md-6 col-lg-4 mb-3\">\n            <div class=\"bestsellerProduct \">\n              <div class=\"bestsellerproimg\">\n                <a href=\"https:\/\/articulosreligiosos.com\/en\/__trashed\/\">\n                  <img decoding=\"async\" src=\"https:\/\/articulosreligiosos.com\/wp-content\/uploads\/2023\/12\/Pagina-construccion.jpg\" alt=\"img\" class=\"img-fluid\">\n                <\/a>\n              <\/div>\n              <div class=\"bestprodes\">\n                <h3 class=\"bestproTtiel\"><a\n                    href=\"https:\/\/articulosreligiosos.com\/en\/__trashed\/\">30 Years of Digital History<\/a><\/h3>\n                <div class=\"blogdate\"><span>Articulos Religiosos<\/span>\n                  <strong>Oct 27, 2024<\/strong>\n                <\/div>\n                <div class=\"blogdes\">&nbsp;30 Years of Digital History: The exciting evolution of our website until todayThree decades ago, we took our first steps...<\/div>\n              <\/div>\n            <\/div>\n          <\/div>\n          \n\n        <\/div>\n              <\/div>\n\n      <div class=\"col-md-4 col-lg-3\">\n\n        <div class=\"blogsidebar\">\n          <div class=\"recentpost\">\n            <h2 class=\"postheading\" data-bs-toggle=\"collapse\" data-bs-target=\"#collapse1\" aria-expanded=\"true\"\n              aria-controls=\"collapse1\">\n              Recent post<\/h2>\n            <ul id=\"collapse1\" class=\"accordion-collapse collapse show\" aria-labelledby=\"heading1\"\n              data-bs-parent=\"#accordionExample\">\n                            <li>\n                <a href=\"https:\/\/articulosreligiosos.com\/en\/saint-michael-the-archangel-protector-and-defender-of-the-faith\/\">&#8220;Saint Michael the Archangel: Protector and Defender of the Faith&#8221;<\/a>\n              <\/li>\n                            <li>\n                <a href=\"https:\/\/articulosreligiosos.com\/en\/the-medal-of-saint-benedict-symbol-of-faith-protection-and-victory-over-evil\/\">&#8220;The Medal of Saint Benedict: Symbol of Faith, Protection, and Victory over Evil&#8221;<\/a>\n              <\/li>\n                            <li>\n                <a href=\"https:\/\/articulosreligiosos.com\/en\/__trashed\/\">30 Years of Digital History<\/a>\n              <\/li>\n              \n            <\/ul>\n          <\/div>\n\n          <div class=\"posttags\">\n            <h2 class=\"postheading collapsed\" data-bs-toggle=\"collapse\" data-bs-target=\"#collapse2\" aria-expanded=\"true\"\n              aria-controls=\"collapse2\">\n              Post tags<\/h2>\n            <ul id=\"collapse2\" class=\"accordion-collapse collapse\" aria-labelledby=\"heading2\"\n              data-bs-parent=\"#accordionExample\">\n                          <\/ul>\n          <\/div>\n\n          <div class=\"recentpost\">\n            <h2 class=\"postheading collapsed\" data-bs-toggle=\"collapse\" data-bs-target=\"#collapse3\" aria-expanded=\"true\"\n              aria-controls=\"collapse3\">Category<\/h2>\n            <ul id=\"collapse3\" class=\"accordion-collapse collapse\" aria-labelledby=\"heading3\"\n              data-bs-parent=\"#accordionExample\">\n                            <li>\n                <a\n                  href=\"https:\/\/articulosreligiosos.com\/en\/category\/catholic-saints\/\">Catholic Saints<\/a>\n              <\/li>\n                            <li>\n                <a\n                  href=\"https:\/\/articulosreligiosos.com\/en\/category\/uncategorized\/\">Uncategorized<\/a>\n              <\/li>\n              \n\n\n            <\/ul>\n          <\/div>\n          <div class=\"recentpost\">\n            <h2 class=\"postheading collapsed\" data-bs-toggle=\"collapse\" data-bs-target=\"#collapse4\" aria-expanded=\"true\"\n              aria-controls=\"collapse4\">\n              Similar products<\/h2>\n            <ul id=\"collapse4\" class=\"accordion-collapse collapse\" aria-labelledby=\"heading4\"\n              data-bs-parent=\"#accordionExample\">\n\n                            <li>\n                <a\n                  href=\"https:\/\/articulosreligiosos.com\/en\/product\/medal-of-saint-michel-meso109m1179\/\">Medal of Saint Michel<\/a>\n              <\/li>\n                            <li>\n                <a\n                  href=\"https:\/\/articulosreligiosos.com\/en\/product\/chalice-paten-evangelists-grapes\/\">Chalice  Paten Evangelists and grapes.<\/a>\n              <\/li>\n                            <li>\n                <a\n                  href=\"https:\/\/articulosreligiosos.com\/en\/product\/tabernacle-baroque-98863\/\">Baroque Tabernacle<\/a>\n              <\/li>\n                            <li>\n                <a\n                  href=\"https:\/\/articulosreligiosos.com\/en\/product\/our-lady-altarpiece-laminated-silver-rept090ag1644167\/\">Altarpiece of the Virgin and Child. Laminated silver<\/a>\n              <\/li>\n                            <li>\n                <a\n                  href=\"https:\/\/articulosreligiosos.com\/en\/product\/saint-joseph-card-laminated-with-medal-espa136n0303\/\">Saint Joseph card laminated with medal<\/a>\n              <\/li>\n              \n            <\/ul>\n          <\/div>\n        <\/div>\n\n      <\/div>\n    <\/div>\n    <div class=\"row similar_products_sec\">\n      <div class=\"col-md-12\">\n        <div class=\"mt-4 text-center\">\n          <h2 class=\"similar_products_heading\">\n            Similar products<\/h2>\n        <\/div>\n      <\/div>\n\n\n            <div class=\"col-lg-3 col-sm-6\">\n        <div class=\"bestsellerProduct\">\n          <div class=\"bestsellerproimg\">\n            <a href=\"https:\/\/articulosreligiosos.com\/en\/product\/medal-of-saint-michel-meso109m1179\/\">\n              <img decoding=\"async\" src=\"https:\/\/articulosreligiosos.com\/wp-content\/uploads\/2025\/09\/Medalla-de-San-Miguel-Arcangel-meso109m1179-0.webp\" alt=\"Maria\"\n                class=\"img-fluid\">\n            <\/a>\n                      <\/div>\n          <div class=\"bestprodes\">\n            <div class=\"bestproname\">Medals<\/div>\n            <div class=\"bestproTtiel\"><a href=\"https:\/\/articulosreligiosos.com\/en\/product\/medal-of-saint-michel-meso109m1179\/\">Medal of Saint Michel<\/a><\/div>\n            <div class=\"bestsellerPrice\">\n              <span class=\"woocommerce-Price-amount amount\"><bdi>49,01&nbsp;<span class=\"woocommerce-Price-currencySymbol\">&euro;<\/span><\/bdi><\/span> - <span class=\"woocommerce-Price-amount amount\"><bdi>2.287,00&nbsp;<span class=\"woocommerce-Price-currencySymbol\">&euro;<\/span><\/bdi><\/span><span class=\"origprice\"><\/span><\/div>\n          <\/div>\n        <\/div>\n      <\/div>\n            <div class=\"col-lg-3 col-sm-6\">\n        <div class=\"bestsellerProduct\">\n          <div class=\"bestsellerproimg\">\n            <a href=\"https:\/\/articulosreligiosos.com\/en\/product\/chalice-paten-evangelists-grapes\/\">\n              <img decoding=\"async\" src=\"https:\/\/articulosreligiosos.com\/wp-content\/uploads\/2025\/08\/Caliz-y-Patena-Evangelistas-Uvas-y-Parras-orca01002435-0.webp\" alt=\"Maria\"\n                class=\"img-fluid\">\n            <\/a>\n                      <\/div>\n          <div class=\"bestprodes\">\n            <div class=\"bestproname\">Churchware<\/div>\n            <div class=\"bestproTtiel\"><a href=\"https:\/\/articulosreligiosos.com\/en\/product\/chalice-paten-evangelists-grapes\/\">Chalice  Paten Evangelists and grapes.<\/a><\/div>\n            <div class=\"bestsellerPrice\">\n              <span class=\"woocommerce-Price-amount amount\"><bdi>6.552,00&nbsp;<span class=\"woocommerce-Price-currencySymbol\">&euro;<\/span><\/bdi><\/span> - <span class=\"woocommerce-Price-amount amount\"><bdi>8.506,00&nbsp;<span class=\"woocommerce-Price-currencySymbol\">&euro;<\/span><\/bdi><\/span><span class=\"origprice\"><\/span><\/div>\n          <\/div>\n        <\/div>\n      <\/div>\n            <div class=\"col-lg-3 col-sm-6\">\n        <div class=\"bestsellerProduct\">\n          <div class=\"bestsellerproimg\">\n            <a href=\"https:\/\/articulosreligiosos.com\/en\/product\/tabernacle-baroque-98863\/\">\n              <img decoding=\"async\" src=\"https:\/\/articulosreligiosos.com\/wp-content\/uploads\/2025\/08\/Sagrario-Barroco-orsg01004097-0.webp\" alt=\"Maria\"\n                class=\"img-fluid\">\n            <\/a>\n                      <\/div>\n          <div class=\"bestprodes\">\n            <div class=\"bestproname\">Churchware<\/div>\n            <div class=\"bestproTtiel\"><a href=\"https:\/\/articulosreligiosos.com\/en\/product\/tabernacle-baroque-98863\/\">Baroque Tabernacle<\/a><\/div>\n            <div class=\"bestsellerPrice\">\n              <span class=\"woocommerce-Price-amount amount\"><bdi>10.118,00&nbsp;<span class=\"woocommerce-Price-currencySymbol\">&euro;<\/span><\/bdi><\/span><span class=\"origprice\"><\/span><\/div>\n          <\/div>\n        <\/div>\n      <\/div>\n            <div class=\"col-lg-3 col-sm-6\">\n        <div class=\"bestsellerProduct\">\n          <div class=\"bestsellerproimg\">\n            <a href=\"https:\/\/articulosreligiosos.com\/en\/product\/our-lady-altarpiece-laminated-silver-rept090ag1644167\/\">\n              <img decoding=\"async\" src=\"https:\/\/articulosreligiosos.com\/wp-content\/uploads\/2025\/09\/Retablo-de-la-Virgen-con-nino-Plata-laminada-rept090ag1644167-0.webp\" alt=\"Maria\"\n                class=\"img-fluid\">\n            <\/a>\n                      <\/div>\n          <div class=\"bestprodes\">\n            <div class=\"bestproname\">Pictures &amp; Icons<\/div>\n            <div class=\"bestproTtiel\"><a href=\"https:\/\/articulosreligiosos.com\/en\/product\/our-lady-altarpiece-laminated-silver-rept090ag1644167\/\">Altarpiece of the Virgin and Child. Laminated silver<\/a><\/div>\n            <div class=\"bestsellerPrice\">\n              <span class=\"woocommerce-Price-amount amount\"><bdi>33,00&nbsp;<span class=\"woocommerce-Price-currencySymbol\">&euro;<\/span><\/bdi><\/span> - <span class=\"woocommerce-Price-amount amount\"><bdi>195,00&nbsp;<span class=\"woocommerce-Price-currencySymbol\">&euro;<\/span><\/bdi><\/span><span class=\"origprice\"><\/span><\/div>\n          <\/div>\n        <\/div>\n      <\/div>\n            <div class=\"col-lg-3 col-sm-6\">\n        <div class=\"bestsellerProduct\">\n          <div class=\"bestsellerproimg\">\n            <a href=\"https:\/\/articulosreligiosos.com\/en\/product\/saint-joseph-card-laminated-with-medal-espa136n0303\/\">\n              <img decoding=\"async\" src=\"https:\/\/articulosreligiosos.com\/wp-content\/uploads\/2023\/03\/espa136n0303-0.jpg\" alt=\"Maria\"\n                class=\"img-fluid\">\n            <\/a>\n                      <\/div>\n          <div class=\"bestprodes\">\n            <div class=\"bestproname\">Other items<\/div>\n            <div class=\"bestproTtiel\"><a href=\"https:\/\/articulosreligiosos.com\/en\/product\/saint-joseph-card-laminated-with-medal-espa136n0303\/\">Saint Joseph card laminated with medal<\/a><\/div>\n            <div class=\"bestsellerPrice\">\n              <span class=\"woocommerce-Price-amount amount\"><bdi>2,90&nbsp;<span class=\"woocommerce-Price-currencySymbol\">&euro;<\/span><\/bdi><\/span><span class=\"origprice\"><\/span><\/div>\n          <\/div>\n        <\/div>\n      <\/div>\n      \n    <\/div>\n  <\/div>\n<\/div>\n\n<\/div>\n\t\t\t\t\t\t<\/div>\n\t\t\t\t<\/div>\n\t\t\t\t\t<\/div>\n\t\t\t\t<\/div>\n\t\t\t\t<\/div>\n\t\t","protected":false},"excerpt":{"rendered":"<p>Blog<\/p>\n","protected":false},"author":1,"featured_media":0,"parent":0,"menu_order":0,"comment_status":"closed","ping_status":"closed","template":"","meta":{"_acf_changed":false,"footnotes":""},"class_list":["post-222737","page","type-page","status-publish","hentry"],"acf":[],"yoast_head":"<!-- This site is optimized with the Yoast SEO Premium plugin v27.2 (Yoast SEO v27.2) - https:\/\/yoast.com\/product\/yoast-seo-premium-wordpress\/ -->\n<title>Religious Articles Blog - Insights on Catholic Faith, Art, and Tradition<\/title>\n<meta name=\"description\" content=\"Browse our blog for articles on rosaries, Churchware. Liturgia, Catholic artwork,saint medals, and more. Stay informed and inspired by faith-driven content from Art\u00edculosReligiosos.\" \/>\n<meta name=\"robots\" content=\"index, follow, max-snippet:-1, max-image-preview:large, max-video-preview:-1\" \/>\n<link rel=\"canonical\" href=\"https:\/\/articulosreligiosos.com\/en\/blogs\/\" \/>\n<meta property=\"og:locale\" content=\"en_US\" \/>\n<meta property=\"og:type\" content=\"article\" \/>\n<meta property=\"og:title\" content=\"Blog\" \/>\n<meta property=\"og:description\" content=\"Browse our blog for articles on rosaries, Churchware. Liturgia, Catholic artwork,saint medals, and more. Stay informed and inspired by faith-driven content from Art\u00edculosReligiosos.\" \/>\n<meta property=\"og:url\" content=\"https:\/\/articulosreligiosos.com\/en\/blogs\/\" \/>\n<meta property=\"og:site_name\" content=\"articulosreligiosos.com\" \/>\n<meta property=\"article:modified_time\" content=\"2025-01-07T06:46:57+00:00\" \/>\n<meta property=\"og:image\" content=\"https:\/\/articulosreligiosos.com\/wp-content\/uploads\/2023\/12\/newlogo-1.png\" \/>\n\t<meta property=\"og:image:width\" content=\"178\" \/>\n\t<meta property=\"og:image:height\" content=\"114\" \/>\n\t<meta property=\"og:image:type\" content=\"image\/png\" \/>\n<meta name=\"twitter:card\" content=\"summary_large_image\" \/>\n<meta name=\"twitter:label1\" content=\"Est. reading time\" \/>\n\t<meta name=\"twitter:data1\" content=\"1 minute\" \/>\n<script type=\"application\/ld+json\" class=\"yoast-schema-graph\">{\"@context\":\"https:\/\/schema.org\",\"@graph\":[{\"@type\":\"WebPage\",\"@id\":\"https:\/\/articulosreligiosos.com\/en\/blogs\/\",\"url\":\"https:\/\/articulosreligiosos.com\/en\/blogs\/\",\"name\":\"Religious Articles Blog - Insights on Catholic Faith, Art, and Tradition\",\"isPartOf\":{\"@id\":\"https:\/\/articulosreligiosos.com\/en\/#website\"},\"datePublished\":\"2023-12-14T03:46:42+00:00\",\"dateModified\":\"2025-01-07T06:46:57+00:00\",\"description\":\"Browse our blog for articles on rosaries, Churchware. Liturgia, Catholic artwork,saint medals, and more. Stay informed and inspired by faith-driven content from Art\u00edculosReligiosos.\",\"breadcrumb\":{\"@id\":\"https:\/\/articulosreligiosos.com\/en\/blogs\/#breadcrumb\"},\"inLanguage\":\"en-US\",\"potentialAction\":[{\"@type\":\"ReadAction\",\"target\":[\"https:\/\/articulosreligiosos.com\/en\/blogs\/\"]}]},{\"@type\":\"BreadcrumbList\",\"@id\":\"https:\/\/articulosreligiosos.com\/en\/blogs\/#breadcrumb\",\"itemListElement\":[{\"@type\":\"ListItem\",\"position\":1,\"name\":\"Home\",\"item\":\"https:\/\/articulosreligiosos.com\/en\/\"},{\"@type\":\"ListItem\",\"position\":2,\"name\":\"Blog\"}]},{\"@type\":\"WebSite\",\"@id\":\"https:\/\/articulosreligiosos.com\/en\/#website\",\"url\":\"https:\/\/articulosreligiosos.com\/en\/\",\"name\":\"Art\u00edculos Religiosos\",\"description\":\"Tienda online | Fabricaci\u00f3n, restauraci\u00f3n y comercializaci\u00f3n de objetos religiosos al mejor precio y con el mejor servicio.\",\"publisher\":{\"@id\":\"https:\/\/articulosreligiosos.com\/en\/#organization\"},\"potentialAction\":[{\"@type\":\"SearchAction\",\"target\":{\"@type\":\"EntryPoint\",\"urlTemplate\":\"https:\/\/articulosreligiosos.com\/en\/?s={search_term_string}\"},\"query-input\":{\"@type\":\"PropertyValueSpecification\",\"valueRequired\":true,\"valueName\":\"search_term_string\"}}],\"inLanguage\":\"en-US\"},{\"@type\":\"Organization\",\"@id\":\"https:\/\/articulosreligiosos.com\/en\/#organization\",\"name\":\"Art\u00edculos Religiosos\",\"url\":\"https:\/\/articulosreligiosos.com\/en\/\",\"logo\":{\"@type\":\"ImageObject\",\"inLanguage\":\"en-US\",\"@id\":\"https:\/\/articulosreligiosos.com\/en\/#\/schema\/logo\/image\/\",\"url\":\"https:\/\/articulosreligiosos.com\/wp-content\/uploads\/2023\/12\/newlogo-1.png\",\"contentUrl\":\"https:\/\/articulosreligiosos.com\/wp-content\/uploads\/2023\/12\/newlogo-1.png\",\"width\":178,\"height\":114,\"caption\":\"Art\u00edculos Religiosos\"},\"image\":{\"@id\":\"https:\/\/articulosreligiosos.com\/en\/#\/schema\/logo\/image\/\"},\"sameAs\":[\"https:\/\/www.instagram.com\/articulosreligiosos.tienda\/\"],\"hasMerchantReturnPolicy\":{\"@type\":\"MerchantReturnPolicy\",\"merchantReturnLink\":\"https:\/\/articulosreligiosos.com\/en\/refund-and-returns-policy\/\"}}]}<\/script>\n<!-- \/ Yoast SEO Premium plugin. -->","yoast_head_json":{"title":"Religious Articles Blog - Insights on Catholic Faith, Art, and Tradition","description":"Browse our blog for articles on rosaries, Churchware. Liturgia, Catholic artwork,saint medals, and more. Stay informed and inspired by faith-driven content from Art\u00edculosReligiosos.","robots":{"index":"index","follow":"follow","max-snippet":"max-snippet:-1","max-image-preview":"max-image-preview:large","max-video-preview":"max-video-preview:-1"},"canonical":"https:\/\/articulosreligiosos.com\/en\/blogs\/","og_locale":"en_US","og_type":"article","og_title":"Blog","og_description":"Browse our blog for articles on rosaries, Churchware. Liturgia, Catholic artwork,saint medals, and more. Stay informed and inspired by faith-driven content from Art\u00edculosReligiosos.","og_url":"https:\/\/articulosreligiosos.com\/en\/blogs\/","og_site_name":"articulosreligiosos.com","article_modified_time":"2025-01-07T06:46:57+00:00","og_image":[{"width":178,"height":114,"url":"https:\/\/articulosreligiosos.com\/wp-content\/uploads\/2023\/12\/newlogo-1.png","type":"image\/png"}],"twitter_card":"summary_large_image","twitter_misc":{"Est. reading time":"1 minute"},"schema":{"@context":"https:\/\/schema.org","@graph":[{"@type":"WebPage","@id":"https:\/\/articulosreligiosos.com\/en\/blogs\/","url":"https:\/\/articulosreligiosos.com\/en\/blogs\/","name":"Religious Articles Blog - Insights on Catholic Faith, Art, and Tradition","isPartOf":{"@id":"https:\/\/articulosreligiosos.com\/en\/#website"},"datePublished":"2023-12-14T03:46:42+00:00","dateModified":"2025-01-07T06:46:57+00:00","description":"Browse our blog for articles on rosaries, Churchware. Liturgia, Catholic artwork,saint medals, and more. Stay informed and inspired by faith-driven content from Art\u00edculosReligiosos.","breadcrumb":{"@id":"https:\/\/articulosreligiosos.com\/en\/blogs\/#breadcrumb"},"inLanguage":"en-US","potentialAction":[{"@type":"ReadAction","target":["https:\/\/articulosreligiosos.com\/en\/blogs\/"]}]},{"@type":"BreadcrumbList","@id":"https:\/\/articulosreligiosos.com\/en\/blogs\/#breadcrumb","itemListElement":[{"@type":"ListItem","position":1,"name":"Home","item":"https:\/\/articulosreligiosos.com\/en\/"},{"@type":"ListItem","position":2,"name":"Blog"}]},{"@type":"WebSite","@id":"https:\/\/articulosreligiosos.com\/en\/#website","url":"https:\/\/articulosreligiosos.com\/en\/","name":"Art\u00edculos Religiosos","description":"Tienda online | Fabricaci\u00f3n, restauraci\u00f3n y comercializaci\u00f3n de objetos religiosos al mejor precio y con el mejor servicio.","publisher":{"@id":"https:\/\/articulosreligiosos.com\/en\/#organization"},"potentialAction":[{"@type":"SearchAction","target":{"@type":"EntryPoint","urlTemplate":"https:\/\/articulosreligiosos.com\/en\/?s={search_term_string}"},"query-input":{"@type":"PropertyValueSpecification","valueRequired":true,"valueName":"search_term_string"}}],"inLanguage":"en-US"},{"@type":"Organization","@id":"https:\/\/articulosreligiosos.com\/en\/#organization","name":"Art\u00edculos Religiosos","url":"https:\/\/articulosreligiosos.com\/en\/","logo":{"@type":"ImageObject","inLanguage":"en-US","@id":"https:\/\/articulosreligiosos.com\/en\/#\/schema\/logo\/image\/","url":"https:\/\/articulosreligiosos.com\/wp-content\/uploads\/2023\/12\/newlogo-1.png","contentUrl":"https:\/\/articulosreligiosos.com\/wp-content\/uploads\/2023\/12\/newlogo-1.png","width":178,"height":114,"caption":"Art\u00edculos Religiosos"},"image":{"@id":"https:\/\/articulosreligiosos.com\/en\/#\/schema\/logo\/image\/"},"sameAs":["https:\/\/www.instagram.com\/articulosreligiosos.tienda\/"],"hasMerchantReturnPolicy":{"@type":"MerchantReturnPolicy","merchantReturnLink":"https:\/\/articulosreligiosos.com\/en\/refund-and-returns-policy\/"}}]}},"_links":{"self":[{"href":"https:\/\/articulosreligiosos.com\/en\/wp-json\/wp\/v2\/pages\/222737","targetHints":{"allow":["GET"]}}],"collection":[{"href":"https:\/\/articulosreligiosos.com\/en\/wp-json\/wp\/v2\/pages"}],"about":[{"href":"https:\/\/articulosreligiosos.com\/en\/wp-json\/wp\/v2\/types\/page"}],"author":[{"embeddable":true,"href":"https:\/\/articulosreligiosos.com\/en\/wp-json\/wp\/v2\/users\/1"}],"replies":[{"embeddable":true,"href":"https:\/\/articulosreligiosos.com\/en\/wp-json\/wp\/v2\/comments?post=222737"}],"version-history":[{"count":0,"href":"https:\/\/articulosreligiosos.com\/en\/wp-json\/wp\/v2\/pages\/222737\/revisions"}],"wp:attachment":[{"href":"https:\/\/articulosreligiosos.com\/en\/wp-json\/wp\/v2\/media?parent=222737"}],"curies":[{"name":"wp","href":"https:\/\/api.w.org\/{rel}","templated":true}]}}