{"id":222736,"date":"2023-12-08T07:36:20","date_gmt":"2023-12-08T07:36:20","guid":{"rendered":"https:\/\/articulosreligiosos.com\/legal-notice\/"},"modified":"2024-10-16T16:42:36","modified_gmt":"2024-10-16T16:42:36","slug":"legal-notice","status":"publish","type":"page","link":"https:\/\/articulosreligiosos.com\/en\/legal-notice\/","title":{"rendered":"Legal notice"},"content":{"rendered":"\t\t<div data-elementor-type=\"wp-page\" data-elementor-id=\"222736\" class=\"elementor elementor-222736 elementor-222733\">\n\t\t\t\t<div class=\"elementor-element elementor-element-db7e039 privacypagesec e-flex e-con-boxed e-con e-parent\" data-id=\"db7e039\" data-element_type=\"container\" data-e-type=\"container\">\n\t\t\t\t\t<div class=\"e-con-inner\">\n\t\t\t\t<div class=\"elementor-element elementor-element-897cf5d elementor-widget elementor-widget-text-editor\" data-id=\"897cf5d\" data-element_type=\"widget\" data-e-type=\"widget\" data-widget_type=\"text-editor.default\">\n\t\t\t\t<div class=\"elementor-widget-container\">\n\t\t\t\t\t\t\t\t\t<div class=\"page-title-wrapper\">\n<h2><strong>LEGAL NOTICE<\/strong><\/h2>\n<\/p>\n<h4><strong> Identification of the Service Provider:<\/strong><\/h4>\n<\/p>\n<p>In compliance with the general information obligation, as set out in Article 10 of Law 34\/2002, of 11 July, on Information Society Services and Electronic Commerce, that information society service providers must provide, the following data is provided below:<\/p>\n<p>The company that owns the website <strong>www.articulosreligiosos.com<\/strong> is <strong>Artesan\u00eda y Decoraci\u00f3n Casals, S.L.<\/strong> with CIF: <strong>B61528568<\/strong> and address at <strong>C\/ Boters, 7-9, ppal.. 08002. Barcelona. Barcelona, Espa\u00f1a.   <\/strong><\/p>\n<\/p>\n<h4><strong> Data Privacy Policy Notice:<\/strong><\/h4>\n<\/p>\n<p>For the purposes of the provisions of Regulation (EU) 2016\/679 of the European Parliament and of the Council of 27 April 2017 (GDPR), we inform users that the personal data entered voluntarily will be stored in the <strong>Clients \/ Internet users<\/strong> processing, the purpose of which is for <strong>Artesan\u00eda y Decoraci\u00f3n Casals, S.L.<\/strong> to be able to offer you the services that best suit your needs and preferences.<\/p>\n<p><strong>Artesan\u00eda y Decoraci\u00f3n Casals, S.L.<\/strong> guarantees the security and confidentiality of the data provided. In this way, it undertakes to comply with its obligation to keep personal data confidential and its duty to store them and take all necessary measures to prevent their alteration, loss, processing or unauthorized use. Therefore, all the information you provide us will not be transferred to third parties except in cases where it is required by legal obligation or for the correct provision of the contracted services.  <\/p>\n<p>You may at any time exercise your rights of access, rectification, cancellation, opposition, portability and the right to be forgotten by writing to our email address: <a href=\"mailto:info@articulosreligiosos.com\">info@articulosreligiosos.com.<\/a><\/p>\n<\/p>\n<h4><strong> Several:<\/strong><\/h4>\n<\/p>\n<p><strong>A.- Artesan\u00eda y Decoraci\u00f3n Casals, S.L.<\/strong> uses cookies that will be stored on your computer. Cookies are small files that our computer sends to yours, but they do not provide us with information about your name or any personal data. When the user is browsing the web pages of <strong>Artesan\u00eda y Decoraci\u00f3n Casals, S.L.<\/strong>, the server where it is hosted automatically recognizes the IP address of your computer, the day and time at which the visit begins, when the visit ends, as well as information about the different sections consulted. It is necessary for the server to know this data in order to communicate and send you the request made and so that it can be seen on the screen through the browser.   <\/p>\n<\/p>\n<p><strong>B.- Artesan\u00eda y Decoraci\u00f3n Casals, S.L.<\/strong> may modify, without prior notice, the information contained on its website, as well as its configuration and presentation.<\/p>\n<\/p>\n<p><strong>C.- Artesan\u00eda y Decoraci\u00f3n Casals, S.L.<\/strong> is not responsible for any breach of any applicable regulations that may be incurred by the user when accessing the website and\/or when using the information contained therein.<\/p>\n<\/div>\n\t\t\t\t\t\t\t\t<\/div>\n\t\t\t\t<\/div>\n\t\t\t\t\t<\/div>\n\t\t\t\t<\/div>\n\t\t\t\t<\/div>\n\t\t","protected":false},"excerpt":{"rendered":"<p>LEGAL NOTICE Identification of the Service Provider: In compliance with the general information obligation, as set out in Article 10 of Law 34\/2002, of 11 July, on Information Society Services and Electronic Commerce, that information society service providers must provide, the following data is provided below: The company that owns the website www.articulosreligiosos.com is Artesan\u00eda [&hellip;]<\/p>\n","protected":false},"author":1,"featured_media":0,"parent":0,"menu_order":0,"comment_status":"closed","ping_status":"closed","template":"full-width-template.php","meta":{"_acf_changed":false,"footnotes":""},"class_list":["post-222736","page","type-page","status-publish","hentry"],"acf":[],"yoast_head":"<!-- This site is optimized with the Yoast SEO Premium plugin v27.2 (Yoast SEO v27.2) - https:\/\/yoast.com\/product\/yoast-seo-premium-wordpress\/ -->\n<title>Legal notice - Art\u00edculos Religiosos<\/title>\n<meta name=\"description\" content=\"Online shop | Manufacturing, restoration and marketing of religious objects at the best price and with the best service - Legal notice.\" \/>\n<meta name=\"robots\" content=\"index, follow, max-snippet:-1, max-image-preview:large, max-video-preview:-1\" \/>\n<link rel=\"canonical\" href=\"https:\/\/articulosreligiosos.com\/en\/legal-notice\/\" \/>\n<meta property=\"og:locale\" content=\"en_US\" \/>\n<meta property=\"og:type\" content=\"article\" \/>\n<meta property=\"og:title\" content=\"Legal notice\" \/>\n<meta property=\"og:description\" content=\"Online shop | Manufacturing, restoration and marketing of religious objects at the best price and with the best service - Legal notice.\" \/>\n<meta property=\"og:url\" content=\"https:\/\/articulosreligiosos.com\/en\/legal-notice\/\" \/>\n<meta property=\"og:site_name\" content=\"articulosreligiosos.com\" \/>\n<meta property=\"article:modified_time\" content=\"2024-10-16T16:42:36+00:00\" \/>\n<meta property=\"og:image\" content=\"https:\/\/articulosreligiosos.com\/wp-content\/uploads\/2023\/12\/newlogo-1.png\" \/>\n\t<meta property=\"og:image:width\" content=\"178\" \/>\n\t<meta property=\"og:image:height\" content=\"114\" \/>\n\t<meta property=\"og:image:type\" content=\"image\/png\" \/>\n<meta name=\"twitter:card\" content=\"summary_large_image\" \/>\n<meta name=\"twitter:label1\" content=\"Est. reading time\" \/>\n\t<meta name=\"twitter:data1\" content=\"3 minutes\" \/>\n<script type=\"application\/ld+json\" class=\"yoast-schema-graph\">{\"@context\":\"https:\/\/schema.org\",\"@graph\":[{\"@type\":\"WebPage\",\"@id\":\"https:\/\/articulosreligiosos.com\/en\/legal-notice\/\",\"url\":\"https:\/\/articulosreligiosos.com\/en\/legal-notice\/\",\"name\":\"Legal notice - Art\u00edculos Religiosos\",\"isPartOf\":{\"@id\":\"https:\/\/articulosreligiosos.com\/en\/#website\"},\"datePublished\":\"2023-12-08T07:36:20+00:00\",\"dateModified\":\"2024-10-16T16:42:36+00:00\",\"description\":\"Online shop | Manufacturing, restoration and marketing of religious objects at the best price and with the best service - Legal notice.\",\"breadcrumb\":{\"@id\":\"https:\/\/articulosreligiosos.com\/en\/legal-notice\/#breadcrumb\"},\"inLanguage\":\"en-US\",\"potentialAction\":[{\"@type\":\"ReadAction\",\"target\":[\"https:\/\/articulosreligiosos.com\/en\/legal-notice\/\"]}]},{\"@type\":\"BreadcrumbList\",\"@id\":\"https:\/\/articulosreligiosos.com\/en\/legal-notice\/#breadcrumb\",\"itemListElement\":[{\"@type\":\"ListItem\",\"position\":1,\"name\":\"Home\",\"item\":\"https:\/\/articulosreligiosos.com\/en\/\"},{\"@type\":\"ListItem\",\"position\":2,\"name\":\"Legal notice\"}]},{\"@type\":\"WebSite\",\"@id\":\"https:\/\/articulosreligiosos.com\/en\/#website\",\"url\":\"https:\/\/articulosreligiosos.com\/en\/\",\"name\":\"Art\u00edculos Religiosos\",\"description\":\"Tienda online | Fabricaci\u00f3n, restauraci\u00f3n y comercializaci\u00f3n de objetos religiosos al mejor precio y con el mejor servicio.\",\"publisher\":{\"@id\":\"https:\/\/articulosreligiosos.com\/en\/#organization\"},\"potentialAction\":[{\"@type\":\"SearchAction\",\"target\":{\"@type\":\"EntryPoint\",\"urlTemplate\":\"https:\/\/articulosreligiosos.com\/en\/?s={search_term_string}\"},\"query-input\":{\"@type\":\"PropertyValueSpecification\",\"valueRequired\":true,\"valueName\":\"search_term_string\"}}],\"inLanguage\":\"en-US\"},{\"@type\":\"Organization\",\"@id\":\"https:\/\/articulosreligiosos.com\/en\/#organization\",\"name\":\"Art\u00edculos Religiosos\",\"url\":\"https:\/\/articulosreligiosos.com\/en\/\",\"logo\":{\"@type\":\"ImageObject\",\"inLanguage\":\"en-US\",\"@id\":\"https:\/\/articulosreligiosos.com\/en\/#\/schema\/logo\/image\/\",\"url\":\"https:\/\/articulosreligiosos.com\/wp-content\/uploads\/2023\/12\/newlogo-1.png\",\"contentUrl\":\"https:\/\/articulosreligiosos.com\/wp-content\/uploads\/2023\/12\/newlogo-1.png\",\"width\":178,\"height\":114,\"caption\":\"Art\u00edculos Religiosos\"},\"image\":{\"@id\":\"https:\/\/articulosreligiosos.com\/en\/#\/schema\/logo\/image\/\"},\"sameAs\":[\"https:\/\/www.instagram.com\/articulosreligiosos.tienda\/\"],\"hasMerchantReturnPolicy\":{\"@type\":\"MerchantReturnPolicy\",\"merchantReturnLink\":\"https:\/\/articulosreligiosos.com\/en\/refund-and-returns-policy\/\"}}]}<\/script>\n<!-- \/ Yoast SEO Premium plugin. -->","yoast_head_json":{"title":"Legal notice - Art\u00edculos Religiosos","description":"Online shop | Manufacturing, restoration and marketing of religious objects at the best price and with the best service - Legal notice.","robots":{"index":"index","follow":"follow","max-snippet":"max-snippet:-1","max-image-preview":"max-image-preview:large","max-video-preview":"max-video-preview:-1"},"canonical":"https:\/\/articulosreligiosos.com\/en\/legal-notice\/","og_locale":"en_US","og_type":"article","og_title":"Legal notice","og_description":"Online shop | Manufacturing, restoration and marketing of religious objects at the best price and with the best service - Legal notice.","og_url":"https:\/\/articulosreligiosos.com\/en\/legal-notice\/","og_site_name":"articulosreligiosos.com","article_modified_time":"2024-10-16T16:42:36+00:00","og_image":[{"width":178,"height":114,"url":"https:\/\/articulosreligiosos.com\/wp-content\/uploads\/2023\/12\/newlogo-1.png","type":"image\/png"}],"twitter_card":"summary_large_image","twitter_misc":{"Est. reading time":"3 minutes"},"schema":{"@context":"https:\/\/schema.org","@graph":[{"@type":"WebPage","@id":"https:\/\/articulosreligiosos.com\/en\/legal-notice\/","url":"https:\/\/articulosreligiosos.com\/en\/legal-notice\/","name":"Legal notice - Art\u00edculos Religiosos","isPartOf":{"@id":"https:\/\/articulosreligiosos.com\/en\/#website"},"datePublished":"2023-12-08T07:36:20+00:00","dateModified":"2024-10-16T16:42:36+00:00","description":"Online shop | Manufacturing, restoration and marketing of religious objects at the best price and with the best service - Legal notice.","breadcrumb":{"@id":"https:\/\/articulosreligiosos.com\/en\/legal-notice\/#breadcrumb"},"inLanguage":"en-US","potentialAction":[{"@type":"ReadAction","target":["https:\/\/articulosreligiosos.com\/en\/legal-notice\/"]}]},{"@type":"BreadcrumbList","@id":"https:\/\/articulosreligiosos.com\/en\/legal-notice\/#breadcrumb","itemListElement":[{"@type":"ListItem","position":1,"name":"Home","item":"https:\/\/articulosreligiosos.com\/en\/"},{"@type":"ListItem","position":2,"name":"Legal notice"}]},{"@type":"WebSite","@id":"https:\/\/articulosreligiosos.com\/en\/#website","url":"https:\/\/articulosreligiosos.com\/en\/","name":"Art\u00edculos Religiosos","description":"Tienda online | Fabricaci\u00f3n, restauraci\u00f3n y comercializaci\u00f3n de objetos religiosos al mejor precio y con el mejor servicio.","publisher":{"@id":"https:\/\/articulosreligiosos.com\/en\/#organization"},"potentialAction":[{"@type":"SearchAction","target":{"@type":"EntryPoint","urlTemplate":"https:\/\/articulosreligiosos.com\/en\/?s={search_term_string}"},"query-input":{"@type":"PropertyValueSpecification","valueRequired":true,"valueName":"search_term_string"}}],"inLanguage":"en-US"},{"@type":"Organization","@id":"https:\/\/articulosreligiosos.com\/en\/#organization","name":"Art\u00edculos Religiosos","url":"https:\/\/articulosreligiosos.com\/en\/","logo":{"@type":"ImageObject","inLanguage":"en-US","@id":"https:\/\/articulosreligiosos.com\/en\/#\/schema\/logo\/image\/","url":"https:\/\/articulosreligiosos.com\/wp-content\/uploads\/2023\/12\/newlogo-1.png","contentUrl":"https:\/\/articulosreligiosos.com\/wp-content\/uploads\/2023\/12\/newlogo-1.png","width":178,"height":114,"caption":"Art\u00edculos Religiosos"},"image":{"@id":"https:\/\/articulosreligiosos.com\/en\/#\/schema\/logo\/image\/"},"sameAs":["https:\/\/www.instagram.com\/articulosreligiosos.tienda\/"],"hasMerchantReturnPolicy":{"@type":"MerchantReturnPolicy","merchantReturnLink":"https:\/\/articulosreligiosos.com\/en\/refund-and-returns-policy\/"}}]}},"_links":{"self":[{"href":"https:\/\/articulosreligiosos.com\/en\/wp-json\/wp\/v2\/pages\/222736","targetHints":{"allow":["GET"]}}],"collection":[{"href":"https:\/\/articulosreligiosos.com\/en\/wp-json\/wp\/v2\/pages"}],"about":[{"href":"https:\/\/articulosreligiosos.com\/en\/wp-json\/wp\/v2\/types\/page"}],"author":[{"embeddable":true,"href":"https:\/\/articulosreligiosos.com\/en\/wp-json\/wp\/v2\/users\/1"}],"replies":[{"embeddable":true,"href":"https:\/\/articulosreligiosos.com\/en\/wp-json\/wp\/v2\/comments?post=222736"}],"version-history":[{"count":0,"href":"https:\/\/articulosreligiosos.com\/en\/wp-json\/wp\/v2\/pages\/222736\/revisions"}],"wp:attachment":[{"href":"https:\/\/articulosreligiosos.com\/en\/wp-json\/wp\/v2\/media?parent=222736"}],"curies":[{"name":"wp","href":"https:\/\/api.w.org\/{rel}","templated":true}]}}