{"id":222729,"date":"2023-12-06T08:52:31","date_gmt":"2023-12-06T08:52:31","guid":{"rendered":"https:\/\/articulosreligiosos.com\/categorias\/"},"modified":"2025-05-19T11:36:44","modified_gmt":"2025-05-19T11:36:44","slug":"categories","status":"publish","type":"page","link":"https:\/\/articulosreligiosos.com\/en\/categories\/","title":{"rendered":"Categories"},"content":{"rendered":"\t\t<div data-elementor-type=\"wp-page\" data-elementor-id=\"222729\" class=\"elementor elementor-222729 elementor-222724\">\n\t\t\t\t<div class=\"elementor-element elementor-element-54c0fee5 e-flex e-con-boxed e-con e-parent\" data-id=\"54c0fee5\" data-element_type=\"container\" data-e-type=\"container\" data-settings=\"{&quot;background_background&quot;:&quot;classic&quot;}\">\n\t\t\t\t\t<div class=\"e-con-inner\">\n\t\t\t\t<div class=\"elementor-element elementor-element-1e95dbc5 primeHeading elementor-widget elementor-widget-heading\" data-id=\"1e95dbc5\" data-element_type=\"widget\" data-e-type=\"widget\" data-widget_type=\"heading.default\">\n\t\t\t\t<div class=\"elementor-widget-container\">\n\t\t\t\t\t<h1 class=\"elementor-heading-title elementor-size-default\">Categories<\/h1>\t\t\t\t<\/div>\n\t\t\t\t<\/div>\n\t\t\t\t\t<\/div>\n\t\t\t\t<\/div>\n\t\t<div class=\"elementor-element elementor-element-3390c6f e-flex e-con-boxed e-con e-parent\" data-id=\"3390c6f\" data-element_type=\"container\" data-e-type=\"container\">\n\t\t\t\t\t<div class=\"e-con-inner\">\n\t\t\t\t<div class=\"elementor-element elementor-element-715252f elementor-widget elementor-widget-shortcode\" data-id=\"715252f\" data-element_type=\"widget\" data-e-type=\"widget\" data-widget_type=\"shortcode.default\">\n\t\t\t\t<div class=\"elementor-widget-container\">\n\t\t\t\t\t\t\t<div class=\"elementor-shortcode\">\n<div class=\"row\" id=\"cats-row\">\n\n    <div class=\"col-md-6 col-lg-3\">\n    <div class=\"productlist\">\n      <div class=\"productimg\"><a href=\"https:\/\/articulosreligiosos.com\/en\/product-category\/religious-statues-religious-sculptures-catholic-statues-en\/\"><img fetchpriority=\"high\" decoding=\"async\"\n            src=\"https:\/\/articulosreligiosos.com\/wp-content\/uploads\/2023\/12\/IMAGINERIA_1_1.webp\"\n            alt=\"Statues\" class=\"img-fluid\" height=\"270\" width=\"312\"><\/a><\/div>\n      <h2 class=\"productTitle\"><a href=\"https:\/\/articulosreligiosos.com\/en\/product-category\/religious-statues-religious-sculptures-catholic-statues-en\/\">\n          Statues        <\/a><\/h2>\n    <\/div>\n  <\/div>\n\n    <div class=\"col-md-6 col-lg-3\">\n    <div class=\"productlist\">\n      <div class=\"productimg\"><a href=\"https:\/\/articulosreligiosos.com\/en\/product-category\/churchware-gold-work-en\/\"><img decoding=\"async\"\n            src=\"https:\/\/articulosreligiosos.com\/wp-content\/uploads\/2023\/12\/CUSTODIOS_1.webp\"\n            alt=\"Churchware\" class=\"img-fluid\" height=\"270\" width=\"312\"><\/a><\/div>\n      <h2 class=\"productTitle\"><a href=\"https:\/\/articulosreligiosos.com\/en\/product-category\/churchware-gold-work-en\/\">\n          Churchware        <\/a><\/h2>\n    <\/div>\n  <\/div>\n\n    <div class=\"col-md-6 col-lg-3\">\n    <div class=\"productlist\">\n      <div class=\"productimg\"><a href=\"https:\/\/articulosreligiosos.com\/en\/product-category\/nativities-nativity-cribs-crib-manger-en\/\"><img decoding=\"async\"\n            src=\"https:\/\/articulosreligiosos.com\/wp-content\/uploads\/2023\/12\/BELENES_1.webp\"\n            alt=\"Nativity\" class=\"img-fluid\" height=\"270\" width=\"312\"><\/a><\/div>\n      <h2 class=\"productTitle\"><a href=\"https:\/\/articulosreligiosos.com\/en\/product-category\/nativities-nativity-cribs-crib-manger-en\/\">\n          Nativity        <\/a><\/h2>\n    <\/div>\n  <\/div>\n\n    <div class=\"col-md-6 col-lg-3\">\n    <div class=\"productlist\">\n      <div class=\"productimg\"><a href=\"https:\/\/articulosreligiosos.com\/en\/product-category\/catholic-religious-medals-en\/\"><img loading=\"lazy\" decoding=\"async\"\n            src=\"https:\/\/articulosreligiosos.com\/wp-content\/uploads\/2025\/05\/MEDALLAS_1.webp\"\n            alt=\"Medals\" class=\"img-fluid\" height=\"270\" width=\"312\"><\/a><\/div>\n      <h2 class=\"productTitle\"><a href=\"https:\/\/articulosreligiosos.com\/en\/product-category\/catholic-religious-medals-en\/\">\n          Medals        <\/a><\/h2>\n    <\/div>\n  <\/div>\n\n    <div class=\"col-md-6 col-lg-3\">\n    <div class=\"productlist\">\n      <div class=\"productimg\"><a href=\"https:\/\/articulosreligiosos.com\/en\/product-category\/catholic-goods-religious-goods-other-items-en\/\"><img loading=\"lazy\" decoding=\"async\"\n            src=\"https:\/\/articulosreligiosos.com\/wp-content\/uploads\/2023\/12\/VARIOSLLAVEROS_1_1.webp\"\n            alt=\"Other items\" class=\"img-fluid\" height=\"270\" width=\"312\"><\/a><\/div>\n      <h2 class=\"productTitle\"><a href=\"https:\/\/articulosreligiosos.com\/en\/product-category\/catholic-goods-religious-goods-other-items-en\/\">\n          Other items        <\/a><\/h2>\n    <\/div>\n  <\/div>\n\n    <div class=\"col-md-6 col-lg-3\">\n    <div class=\"productlist\">\n      <div class=\"productimg\"><a href=\"https:\/\/articulosreligiosos.com\/en\/product-category\/pictures-icons-religious-catholic-en\/\"><img loading=\"lazy\" decoding=\"async\"\n            src=\"https:\/\/articulosreligiosos.com\/wp-content\/uploads\/2025\/05\/CUADROS_3.webp\"\n            alt=\"Pictures &amp; Icons\" class=\"img-fluid\" height=\"270\" width=\"312\"><\/a><\/div>\n      <h2 class=\"productTitle\"><a href=\"https:\/\/articulosreligiosos.com\/en\/product-category\/pictures-icons-religious-catholic-en\/\">\n          Pictures &amp; Icons        <\/a><\/h2>\n    <\/div>\n  <\/div>\n\n    <div class=\"col-md-6 col-lg-3\">\n    <div class=\"productlist\">\n      <div class=\"productimg\"><a href=\"https:\/\/articulosreligiosos.com\/en\/product-category\/religious-catholic-liturgy-en\/\"><img loading=\"lazy\" decoding=\"async\"\n            src=\"https:\/\/articulosreligiosos.com\/wp-content\/uploads\/2023\/12\/ATRIL_1.webp\"\n            alt=\"Liturgy\" class=\"img-fluid\" height=\"270\" width=\"312\"><\/a><\/div>\n      <h2 class=\"productTitle\"><a href=\"https:\/\/articulosreligiosos.com\/en\/product-category\/religious-catholic-liturgy-en\/\">\n          Liturgy        <\/a><\/h2>\n    <\/div>\n  <\/div>\n\n    <div class=\"col-md-6 col-lg-3\">\n    <div class=\"productlist\">\n      <div class=\"productimg\"><a href=\"https:\/\/articulosreligiosos.com\/en\/product-category\/rosary-beads-catholic-en\/\"><img loading=\"lazy\" decoding=\"async\"\n            src=\"https:\/\/articulosreligiosos.com\/wp-content\/uploads\/2025\/07\/ROSARIO1C_1_1.webp\"\n            alt=\"Rosary Beads\" class=\"img-fluid\" height=\"270\" width=\"312\"><\/a><\/div>\n      <h2 class=\"productTitle\"><a href=\"https:\/\/articulosreligiosos.com\/en\/product-category\/rosary-beads-catholic-en\/\">\n          Rosary Beads        <\/a><\/h2>\n    <\/div>\n  <\/div>\n\n    <div class=\"col-md-6 col-lg-3\">\n    <div class=\"productlist\">\n      <div class=\"productimg\"><a href=\"https:\/\/articulosreligiosos.com\/en\/product-category\/liturgical-vestments-priest-vestments-en\/\"><img loading=\"lazy\" decoding=\"async\"\n            src=\"https:\/\/articulosreligiosos.com\/wp-content\/uploads\/2023\/12\/ORNAMENTOS_1_1.webp\"\n            alt=\"Vestments\" class=\"img-fluid\" height=\"270\" width=\"312\"><\/a><\/div>\n      <h2 class=\"productTitle\"><a href=\"https:\/\/articulosreligiosos.com\/en\/product-category\/liturgical-vestments-priest-vestments-en\/\">\n          Vestments        <\/a><\/h2>\n    <\/div>\n  <\/div>\n\n    <div class=\"col-md-6 col-lg-3\">\n    <div class=\"productlist\">\n      <div class=\"productimg\"><a href=\"https:\/\/articulosreligiosos.com\/en\/product-category\/specials-en\/\"><img loading=\"lazy\" decoding=\"async\"\n            src=\"https:\/\/articulosreligiosos.com\/wp-content\/uploads\/2023\/12\/ESPECIALES_1_1.webp\"\n            alt=\"Special Events\" class=\"img-fluid\" height=\"270\" width=\"312\"><\/a><\/div>\n      <h2 class=\"productTitle\"><a href=\"https:\/\/articulosreligiosos.com\/en\/product-category\/specials-en\/\">\n          Special Events        <\/a><\/h2>\n    <\/div>\n  <\/div>\n\n  \n<\/div>\n\n<\/div>\n\t\t\t\t\t\t<\/div>\n\t\t\t\t<\/div>\n\t\t\t\t\t<\/div>\n\t\t\t\t<\/div>\n\t\t\t\t<\/div>\n\t\t","protected":false},"excerpt":{"rendered":"<p>Categories<\/p>\n","protected":false},"author":1,"featured_media":0,"parent":0,"menu_order":0,"comment_status":"closed","ping_status":"closed","template":"full-width-template.php","meta":{"_acf_changed":false,"footnotes":""},"class_list":["post-222729","page","type-page","status-publish","hentry"],"acf":[],"yoast_head":"<!-- This site is optimized with the Yoast SEO Premium plugin v27.2 (Yoast SEO v27.2) - https:\/\/yoast.com\/product\/yoast-seo-premium-wordpress\/ -->\n<title>Religious Categories - Statues, Icons, Nativity, Medals &amp; More | Art\u00edculos Religiosos<\/title>\n<meta name=\"description\" content=\"Explore a wide range of religious categories at Art\u00edculos Religiosos, including statues, pictures &amp; icons, nativity sets, medals, churchware, vestments, rosary beads, and more. Shop Now!\" \/>\n<meta name=\"robots\" content=\"index, follow, max-snippet:-1, max-image-preview:large, max-video-preview:-1\" \/>\n<link rel=\"canonical\" href=\"https:\/\/articulosreligiosos.com\/en\/categories\/\" \/>\n<meta property=\"og:locale\" content=\"en_US\" \/>\n<meta property=\"og:type\" content=\"article\" \/>\n<meta property=\"og:title\" content=\"Categories\" \/>\n<meta property=\"og:description\" content=\"Explore a wide range of religious categories at Art\u00edculos Religiosos, including statues, pictures &amp; icons, nativity sets, medals, churchware, vestments, rosary beads, and more. Shop Now!\" \/>\n<meta property=\"og:url\" content=\"https:\/\/articulosreligiosos.com\/en\/categories\/\" \/>\n<meta property=\"og:site_name\" content=\"articulosreligiosos.com\" \/>\n<meta property=\"article:modified_time\" content=\"2025-05-19T11:36:44+00:00\" \/>\n<meta property=\"og:image\" content=\"https:\/\/articulosreligiosos.com\/wp-content\/uploads\/2023\/12\/newlogo-1.png\" \/>\n\t<meta property=\"og:image:width\" content=\"178\" \/>\n\t<meta property=\"og:image:height\" content=\"114\" \/>\n\t<meta property=\"og:image:type\" content=\"image\/png\" \/>\n<meta name=\"twitter:card\" content=\"summary_large_image\" \/>\n<meta name=\"twitter:label1\" content=\"Est. reading time\" \/>\n\t<meta name=\"twitter:data1\" content=\"1 minute\" \/>\n<script type=\"application\/ld+json\" class=\"yoast-schema-graph\">{\"@context\":\"https:\/\/schema.org\",\"@graph\":[{\"@type\":\"WebPage\",\"@id\":\"https:\/\/articulosreligiosos.com\/en\/categories\/\",\"url\":\"https:\/\/articulosreligiosos.com\/en\/categories\/\",\"name\":\"Religious Categories - Statues, Icons, Nativity, Medals & More | Art\u00edculos Religiosos\",\"isPartOf\":{\"@id\":\"https:\/\/articulosreligiosos.com\/en\/#website\"},\"datePublished\":\"2023-12-06T08:52:31+00:00\",\"dateModified\":\"2025-05-19T11:36:44+00:00\",\"description\":\"Explore a wide range of religious categories at Art\u00edculos Religiosos, including statues, pictures & icons, nativity sets, medals, churchware, vestments, rosary beads, and more. Shop Now!\",\"breadcrumb\":{\"@id\":\"https:\/\/articulosreligiosos.com\/en\/categories\/#breadcrumb\"},\"inLanguage\":\"en-US\",\"potentialAction\":[{\"@type\":\"ReadAction\",\"target\":[\"https:\/\/articulosreligiosos.com\/en\/categories\/\"]}]},{\"@type\":\"BreadcrumbList\",\"@id\":\"https:\/\/articulosreligiosos.com\/en\/categories\/#breadcrumb\",\"itemListElement\":[{\"@type\":\"ListItem\",\"position\":1,\"name\":\"Home\",\"item\":\"https:\/\/articulosreligiosos.com\/en\/\"},{\"@type\":\"ListItem\",\"position\":2,\"name\":\"Categories\"}]},{\"@type\":\"WebSite\",\"@id\":\"https:\/\/articulosreligiosos.com\/en\/#website\",\"url\":\"https:\/\/articulosreligiosos.com\/en\/\",\"name\":\"Art\u00edculos Religiosos\",\"description\":\"Tienda online | Fabricaci\u00f3n, restauraci\u00f3n y comercializaci\u00f3n de objetos religiosos al mejor precio y con el mejor servicio.\",\"publisher\":{\"@id\":\"https:\/\/articulosreligiosos.com\/en\/#organization\"},\"potentialAction\":[{\"@type\":\"SearchAction\",\"target\":{\"@type\":\"EntryPoint\",\"urlTemplate\":\"https:\/\/articulosreligiosos.com\/en\/?s={search_term_string}\"},\"query-input\":{\"@type\":\"PropertyValueSpecification\",\"valueRequired\":true,\"valueName\":\"search_term_string\"}}],\"inLanguage\":\"en-US\"},{\"@type\":\"Organization\",\"@id\":\"https:\/\/articulosreligiosos.com\/en\/#organization\",\"name\":\"Art\u00edculos Religiosos\",\"url\":\"https:\/\/articulosreligiosos.com\/en\/\",\"logo\":{\"@type\":\"ImageObject\",\"inLanguage\":\"en-US\",\"@id\":\"https:\/\/articulosreligiosos.com\/en\/#\/schema\/logo\/image\/\",\"url\":\"https:\/\/articulosreligiosos.com\/wp-content\/uploads\/2023\/12\/newlogo-1.png\",\"contentUrl\":\"https:\/\/articulosreligiosos.com\/wp-content\/uploads\/2023\/12\/newlogo-1.png\",\"width\":178,\"height\":114,\"caption\":\"Art\u00edculos Religiosos\"},\"image\":{\"@id\":\"https:\/\/articulosreligiosos.com\/en\/#\/schema\/logo\/image\/\"},\"sameAs\":[\"https:\/\/www.instagram.com\/articulosreligiosos.tienda\/\"],\"hasMerchantReturnPolicy\":{\"@type\":\"MerchantReturnPolicy\",\"merchantReturnLink\":\"https:\/\/articulosreligiosos.com\/en\/refund-and-returns-policy\/\"}}]}<\/script>\n<!-- \/ Yoast SEO Premium plugin. -->","yoast_head_json":{"title":"Religious Categories - Statues, Icons, Nativity, Medals & More | Art\u00edculos Religiosos","description":"Explore a wide range of religious categories at Art\u00edculos Religiosos, including statues, pictures & icons, nativity sets, medals, churchware, vestments, rosary beads, and more. Shop Now!","robots":{"index":"index","follow":"follow","max-snippet":"max-snippet:-1","max-image-preview":"max-image-preview:large","max-video-preview":"max-video-preview:-1"},"canonical":"https:\/\/articulosreligiosos.com\/en\/categories\/","og_locale":"en_US","og_type":"article","og_title":"Categories","og_description":"Explore a wide range of religious categories at Art\u00edculos Religiosos, including statues, pictures & icons, nativity sets, medals, churchware, vestments, rosary beads, and more. Shop Now!","og_url":"https:\/\/articulosreligiosos.com\/en\/categories\/","og_site_name":"articulosreligiosos.com","article_modified_time":"2025-05-19T11:36:44+00:00","og_image":[{"width":178,"height":114,"url":"https:\/\/articulosreligiosos.com\/wp-content\/uploads\/2023\/12\/newlogo-1.png","type":"image\/png"}],"twitter_card":"summary_large_image","twitter_misc":{"Est. reading time":"1 minute"},"schema":{"@context":"https:\/\/schema.org","@graph":[{"@type":"WebPage","@id":"https:\/\/articulosreligiosos.com\/en\/categories\/","url":"https:\/\/articulosreligiosos.com\/en\/categories\/","name":"Religious Categories - Statues, Icons, Nativity, Medals & More | Art\u00edculos Religiosos","isPartOf":{"@id":"https:\/\/articulosreligiosos.com\/en\/#website"},"datePublished":"2023-12-06T08:52:31+00:00","dateModified":"2025-05-19T11:36:44+00:00","description":"Explore a wide range of religious categories at Art\u00edculos Religiosos, including statues, pictures & icons, nativity sets, medals, churchware, vestments, rosary beads, and more. Shop Now!","breadcrumb":{"@id":"https:\/\/articulosreligiosos.com\/en\/categories\/#breadcrumb"},"inLanguage":"en-US","potentialAction":[{"@type":"ReadAction","target":["https:\/\/articulosreligiosos.com\/en\/categories\/"]}]},{"@type":"BreadcrumbList","@id":"https:\/\/articulosreligiosos.com\/en\/categories\/#breadcrumb","itemListElement":[{"@type":"ListItem","position":1,"name":"Home","item":"https:\/\/articulosreligiosos.com\/en\/"},{"@type":"ListItem","position":2,"name":"Categories"}]},{"@type":"WebSite","@id":"https:\/\/articulosreligiosos.com\/en\/#website","url":"https:\/\/articulosreligiosos.com\/en\/","name":"Art\u00edculos Religiosos","description":"Tienda online | Fabricaci\u00f3n, restauraci\u00f3n y comercializaci\u00f3n de objetos religiosos al mejor precio y con el mejor servicio.","publisher":{"@id":"https:\/\/articulosreligiosos.com\/en\/#organization"},"potentialAction":[{"@type":"SearchAction","target":{"@type":"EntryPoint","urlTemplate":"https:\/\/articulosreligiosos.com\/en\/?s={search_term_string}"},"query-input":{"@type":"PropertyValueSpecification","valueRequired":true,"valueName":"search_term_string"}}],"inLanguage":"en-US"},{"@type":"Organization","@id":"https:\/\/articulosreligiosos.com\/en\/#organization","name":"Art\u00edculos Religiosos","url":"https:\/\/articulosreligiosos.com\/en\/","logo":{"@type":"ImageObject","inLanguage":"en-US","@id":"https:\/\/articulosreligiosos.com\/en\/#\/schema\/logo\/image\/","url":"https:\/\/articulosreligiosos.com\/wp-content\/uploads\/2023\/12\/newlogo-1.png","contentUrl":"https:\/\/articulosreligiosos.com\/wp-content\/uploads\/2023\/12\/newlogo-1.png","width":178,"height":114,"caption":"Art\u00edculos Religiosos"},"image":{"@id":"https:\/\/articulosreligiosos.com\/en\/#\/schema\/logo\/image\/"},"sameAs":["https:\/\/www.instagram.com\/articulosreligiosos.tienda\/"],"hasMerchantReturnPolicy":{"@type":"MerchantReturnPolicy","merchantReturnLink":"https:\/\/articulosreligiosos.com\/en\/refund-and-returns-policy\/"}}]}},"_links":{"self":[{"href":"https:\/\/articulosreligiosos.com\/en\/wp-json\/wp\/v2\/pages\/222729","targetHints":{"allow":["GET"]}}],"collection":[{"href":"https:\/\/articulosreligiosos.com\/en\/wp-json\/wp\/v2\/pages"}],"about":[{"href":"https:\/\/articulosreligiosos.com\/en\/wp-json\/wp\/v2\/types\/page"}],"author":[{"embeddable":true,"href":"https:\/\/articulosreligiosos.com\/en\/wp-json\/wp\/v2\/users\/1"}],"replies":[{"embeddable":true,"href":"https:\/\/articulosreligiosos.com\/en\/wp-json\/wp\/v2\/comments?post=222729"}],"version-history":[{"count":0,"href":"https:\/\/articulosreligiosos.com\/en\/wp-json\/wp\/v2\/pages\/222729\/revisions"}],"wp:attachment":[{"href":"https:\/\/articulosreligiosos.com\/en\/wp-json\/wp\/v2\/media?parent=222729"}],"curies":[{"name":"wp","href":"https:\/\/api.w.org\/{rel}","templated":true}]}}