{"id":222727,"date":"2023-12-04T12:14:50","date_gmt":"2023-12-04T12:14:50","guid":{"rendered":"https:\/\/articulosreligiosos.com\/?page_id=1246"},"modified":"2024-12-31T06:17:12","modified_gmt":"2024-12-31T06:17:12","slug":"about-us","status":"publish","type":"page","link":"https:\/\/articulosreligiosos.com\/en\/about-us\/","title":{"rendered":"About us"},"content":{"rendered":"\t\t<div data-elementor-type=\"wp-page\" data-elementor-id=\"222727\" class=\"elementor elementor-222727 elementor-222723\">\n\t\t\t\t<div class=\"elementor-element elementor-element-77a44bb e-flex e-con-boxed e-con e-parent\" data-id=\"77a44bb\" data-element_type=\"container\" data-e-type=\"container\" data-settings=\"{&quot;background_background&quot;:&quot;classic&quot;}\">\n\t\t\t\t\t<div class=\"e-con-inner\">\n\t\t\t\t<div class=\"elementor-element elementor-element-0e1ff8a primeHeading elementor-widget elementor-widget-heading\" data-id=\"0e1ff8a\" data-element_type=\"widget\" data-e-type=\"widget\" data-widget_type=\"heading.default\">\n\t\t\t\t<div class=\"elementor-widget-container\">\n\t\t\t\t\t<h1 class=\"elementor-heading-title elementor-size-default\">About us<\/h1>\t\t\t\t<\/div>\n\t\t\t\t<\/div>\n\t\t\t\t\t<\/div>\n\t\t\t\t<\/div>\n\t\t<div class=\"elementor-element elementor-element-fd135f5 e-flex e-con-boxed e-con e-parent\" data-id=\"fd135f5\" data-element_type=\"container\" data-e-type=\"container\" data-settings=\"{&quot;background_background&quot;:&quot;classic&quot;}\">\n\t\t\t\t\t<div class=\"e-con-inner\">\n\t\t<div class=\"elementor-element elementor-element-7b828de e-con-full e-flex e-con e-child\" data-id=\"7b828de\" data-element_type=\"container\" data-e-type=\"container\">\n\t\t\t\t<div class=\"elementor-element elementor-element-51be924 primeHeading elementor-widget elementor-widget-heading\" data-id=\"51be924\" data-element_type=\"widget\" data-e-type=\"widget\" data-widget_type=\"heading.default\">\n\t\t\t\t<div class=\"elementor-widget-container\">\n\t\t\t\t\t<h2 class=\"elementor-heading-title elementor-size-default\">Welcome to art\u00edculosreligiosos.com<\/h2>\t\t\t\t<\/div>\n\t\t\t\t<\/div>\n\t\t\t\t<\/div>\n\t\t<div class=\"elementor-element elementor-element-bdd2de7 e-con-full e-flex e-con e-child\" data-id=\"bdd2de7\" data-element_type=\"container\" data-e-type=\"container\">\n\t\t\t\t<div class=\"elementor-element elementor-element-917bf6c elementor-widget elementor-widget-text-editor\" data-id=\"917bf6c\" data-element_type=\"widget\" data-e-type=\"widget\" data-widget_type=\"text-editor.default\">\n\t\t\t\t<div class=\"elementor-widget-container\">\n\t\t\t\t\t\t\t\t\t<p>With over 100 years of experience in the industry, at www.art\u00edculosreligiosos.com, we believe that each designed item tells a story, and we are here to bring your hope to life. Since our online inception in 1992, we have been passionate about our products and customer care, transforming ideas and dreams into visually stunning realities. Our dedication goes beyond aesthetics; we create items that touch the heart, generating experiences that resonate and inspire. With faith and hope, we build a future full of creativity and meaning.   <\/p>\n\t\t\t\t\t\t\t\t<\/div>\n\t\t\t\t<\/div>\n\t\t\t\t<\/div>\n\t\t\t\t\t<\/div>\n\t\t\t\t<\/div>\n\t\t<div class=\"elementor-element elementor-element-5c32285 e-flex e-con-boxed e-con e-parent\" data-id=\"5c32285\" data-element_type=\"container\" data-e-type=\"container\">\n\t\t\t\t\t<div class=\"e-con-inner\">\n\t\t<div class=\"elementor-element elementor-element-63a3fe4 e-flex e-con-boxed e-con e-child\" data-id=\"63a3fe4\" data-element_type=\"container\" data-e-type=\"container\">\n\t\t\t\t\t<div class=\"e-con-inner\">\n\t\t\t\t<div class=\"elementor-element elementor-element-303dca2 primeHeading elementor-widget elementor-widget-heading\" data-id=\"303dca2\" data-element_type=\"widget\" data-e-type=\"widget\" data-widget_type=\"heading.default\">\n\t\t\t\t<div class=\"elementor-widget-container\">\n\t\t\t\t\t<h2 class=\"elementor-heading-title elementor-size-default\">What Sets Us Apart<\/h2>\t\t\t\t<\/div>\n\t\t\t\t<\/div>\n\t\t<div class=\"elementor-element elementor-element-c70a98d e-flex e-con-boxed e-con e-child\" data-id=\"c70a98d\" data-element_type=\"container\" data-e-type=\"container\">\n\t\t\t\t\t<div class=\"e-con-inner\">\n\t\t<div class=\"elementor-element elementor-element-f4fe9ed e-con-full e-flex e-con e-child\" data-id=\"f4fe9ed\" data-element_type=\"container\" data-e-type=\"container\">\n\t\t\t\t<div class=\"elementor-element elementor-element-519aa3c primeHeading elementor-widget elementor-widget-heading\" data-id=\"519aa3c\" data-element_type=\"widget\" data-e-type=\"widget\" data-widget_type=\"heading.default\">\n\t\t\t\t<div class=\"elementor-widget-container\">\n\t\t\t\t\t<h3 class=\"elementor-heading-title elementor-size-default\">Innovation<\/h3>\t\t\t\t<\/div>\n\t\t\t\t<\/div>\n\t\t\t\t<div class=\"elementor-element elementor-element-1c93127 elementor-widget elementor-widget-text-editor\" data-id=\"1c93127\" data-element_type=\"widget\" data-e-type=\"widget\" data-widget_type=\"text-editor.default\">\n\t\t\t\t<div class=\"elementor-widget-container\">\n\t\t\t\t\t\t\t\t\t<p>We stand out as wish-fulfilling artisans, thriving in innovation and constantly pushing boundaries to be at the forefront of design trends. Our team of experienced artisans embraces change, tackling each project with perspective backed by extensive accumulated experience over the years. Thus, we seek to offer quality products with visual appeal that not only meet but also exceed your expectations.  <\/p>\n\t\t\t\t\t\t\t\t<\/div>\n\t\t\t\t<\/div>\n\t\t\t\t<\/div>\n\t\t<div class=\"elementor-element elementor-element-9f41c59 e-con-full e-flex e-con e-child\" data-id=\"9f41c59\" data-element_type=\"container\" data-e-type=\"container\">\n\t\t\t\t<div class=\"elementor-element elementor-element-5812d2e primeHeading elementor-widget elementor-widget-heading\" data-id=\"5812d2e\" data-element_type=\"widget\" data-e-type=\"widget\" data-widget_type=\"heading.default\">\n\t\t\t\t<div class=\"elementor-widget-container\">\n\t\t\t\t\t<h3 class=\"elementor-heading-title elementor-size-default\">Servicie<\/h3>\t\t\t\t<\/div>\n\t\t\t\t<\/div>\n\t\t\t\t<div class=\"elementor-element elementor-element-1e6ddfb elementor-widget elementor-widget-text-editor\" data-id=\"1e6ddfb\" data-element_type=\"widget\" data-e-type=\"widget\" data-widget_type=\"text-editor.default\">\n\t\t\t\t<div class=\"elementor-widget-container\">\n\t\t\t\t\t\t\t\t\t<p>In our commitment to excellence, we provide exceptional customer service. We excel in quick and smooth communication, ensuring a seamless experience. Your satisfaction is our priority, and our team is ready to address your needs with efficiency and courtesy, ensuring a positive and reliable connection in every interaction.  <\/p>\n\t\t\t\t\t\t\t\t<\/div>\n\t\t\t\t<\/div>\n\t\t\t\t<\/div>\n\t\t<div class=\"elementor-element elementor-element-f2a4533 e-con-full e-flex e-con e-child\" data-id=\"f2a4533\" data-element_type=\"container\" data-e-type=\"container\">\n\t\t\t\t<div class=\"elementor-element elementor-element-d7364d4 primeHeading elementor-widget elementor-widget-heading\" data-id=\"d7364d4\" data-element_type=\"widget\" data-e-type=\"widget\" data-widget_type=\"heading.default\">\n\t\t\t\t<div class=\"elementor-widget-container\">\n\t\t\t\t\t<h3 class=\"elementor-heading-title elementor-size-default\">Craftsmanship<\/h3>\t\t\t\t<\/div>\n\t\t\t\t<\/div>\n\t\t\t\t<div class=\"elementor-element elementor-element-e6be2f8 elementor-widget elementor-widget-text-editor\" data-id=\"e6be2f8\" data-element_type=\"widget\" data-e-type=\"widget\" data-widget_type=\"text-editor.default\">\n\t\t\t\t<div class=\"elementor-widget-container\">\n\t\t\t\t\t\t\t\t\t<p>Our artisanal work is a testament to quality and meticulousness, forged with effort and dedication over more than 100 years. We strive for excellence in every detail, creating products that reflect the mastery of our tradition. Each item is a cherished work, conveying the legacy of generations committed to artisanal perfection.  <\/p>\n\t\t\t\t\t\t\t\t<\/div>\n\t\t\t\t<\/div>\n\t\t\t\t<\/div>\n\t\t\t\t\t<\/div>\n\t\t\t\t<\/div>\n\t\t\t\t\t<\/div>\n\t\t\t\t<\/div>\n\t\t\t\t\t<\/div>\n\t\t\t\t<\/div>\n\t\t<div class=\"elementor-element elementor-element-83db6f0 e-flex e-con-boxed e-con e-parent\" data-id=\"83db6f0\" data-element_type=\"container\" data-e-type=\"container\">\n\t\t\t\t\t<div class=\"e-con-inner\">\n\t\t<div class=\"elementor-element elementor-element-5b8d971 e-con-full e-flex e-con e-child\" data-id=\"5b8d971\" data-element_type=\"container\" data-e-type=\"container\">\n\t\t\t\t<div class=\"elementor-element elementor-element-2fcb685 elementor-widget elementor-widget-image\" data-id=\"2fcb685\" data-element_type=\"widget\" data-e-type=\"widget\" data-widget_type=\"image.default\">\n\t\t\t\t<div class=\"elementor-widget-container\">\n\t\t\t\t\t\t\t\t\t\t\t\t\t\t\t<img fetchpriority=\"high\" decoding=\"async\" width=\"580\" height=\"480\" src=\"https:\/\/articulosreligiosos.com\/wp-content\/uploads\/2024\/10\/Artesano-580x480-1.jpg\" class=\"attachment-large size-large wp-image-279856 wp-post-image\" alt=\"\" srcset=\"https:\/\/articulosreligiosos.com\/wp-content\/uploads\/2024\/10\/Artesano-580x480-1.jpg 580w, https:\/\/articulosreligiosos.com\/wp-content\/uploads\/2024\/10\/Artesano-580x480-1-300x248.jpg 300w\" sizes=\"(max-width: 580px) 100vw, 580px\" \/>\t\t\t\t\t\t\t\t\t\t\t\t\t\t\t<\/div>\n\t\t\t\t<\/div>\n\t\t\t\t<\/div>\n\t\t<div class=\"elementor-element elementor-element-42eae93 e-con-full e-flex e-con e-child\" data-id=\"42eae93\" data-element_type=\"container\" data-e-type=\"container\">\n\t\t\t\t<div class=\"elementor-element elementor-element-06a5a62 primeHeading elementor-widget elementor-widget-heading\" data-id=\"06a5a62\" data-element_type=\"widget\" data-e-type=\"widget\" data-widget_type=\"heading.default\">\n\t\t\t\t<div class=\"elementor-widget-container\">\n\t\t\t\t\t<h2 class=\"elementor-heading-title elementor-size-default\">Our History<\/h2>\t\t\t\t<\/div>\n\t\t\t\t<\/div>\n\t\t\t\t<div class=\"elementor-element elementor-element-968ff2e elementor-widget elementor-widget-text-editor\" data-id=\"968ff2e\" data-element_type=\"widget\" data-e-type=\"widget\" data-widget_type=\"text-editor.default\">\n\t\t\t\t<div class=\"elementor-widget-container\">\n\t\t\t\t\t\t\t\t\t<p>With over a century of experience, ww.articulosreligiosos.com stands as a beacon of faith and spirituality in the manufacturing and distribution of religious articles. Founded over 100 years ago on solid principles of professionalism, efficiency, quality, and initiative, our company distinguishes itself with special consideration for the customer. The manufacturing, restoration and marketing of religious objects is possible thanks to the direct supervision of qualified personnel in our facilities.  <\/p>\n<p>Today, guided by a deep love for our work, we continue to convey a sense of spirituality and affection to each item that goes beyond the tangible. Over more than 30 years, we expanded our service to online platforms, delivering exclusive items to our customers\u2019 homes at exclusive prices and with a service that aims to reflect our love for our work. <\/p>\n<p>Our connection with customers is not just commercial; it\u2019s personal. We take pride in building a solid and trusting relationship, supported by the experience and dedication we put into every detail. Faith and spirituality permeate every product we offer, creating a bond beyond the transaction.  <\/p>\n<p>Join the thousands of customers who attest to our authenticity and experience how \u2018Artesan\u00eda y Decoraci\u00f3n Casals, S.L.\u2019 goes beyond the acquisition of a religious item; it\u2019s the spiritual connection that sets us apart. Thousands of clients guarantee our service, check it out!<\/p>\n<p>www.art\u00edculosreligiosos.com<\/p>\n<p>&#8216;Artesan\u00eda y Decoraci\u00f3n Casals, S.L.<\/p>\n\t\t\t\t\t\t\t\t<\/div>\n\t\t\t\t<\/div>\n\t\t\t\t<\/div>\n\t\t\t\t\t<\/div>\n\t\t\t\t<\/div>\n\t\t\t\t<\/div>\n\t\t","protected":false},"excerpt":{"rendered":"<p>About us Welcome to art\u00edculosreligiosos.com With over 100 years of experience in the industry, at www.art\u00edculosreligiosos.com, we believe that each designed item tells a story, and we are here to bring your hope to life. Since our online inception in 1992, we have been passionate about our products and customer care, transforming ideas and dreams [&hellip;]<\/p>\n","protected":false},"author":1,"featured_media":0,"parent":0,"menu_order":0,"comment_status":"closed","ping_status":"closed","template":"full-width-template.php","meta":{"_acf_changed":false,"footnotes":""},"class_list":["post-222727","page","type-page","status-publish","hentry"],"acf":[],"yoast_head":"<!-- This site is optimized with the Yoast SEO Premium plugin v27.2 (Yoast SEO v27.2) - https:\/\/yoast.com\/product\/yoast-seo-premium-wordpress\/ -->\n<title>About Us - Art\u00edculos Religiosos | Best Online Religious Articles Store<\/title>\n<meta name=\"description\" content=\"Art\u00edculos Religiosos, trusted source over 100+ years of expertise, to buy rosaries, religious paintings, nativity sets, chasubles, saint medals, and Catholic artwork.\" \/>\n<meta name=\"robots\" content=\"index, follow, max-snippet:-1, max-image-preview:large, max-video-preview:-1\" \/>\n<link rel=\"canonical\" href=\"https:\/\/articulosreligiosos.com\/en\/about-us\/\" \/>\n<meta property=\"og:locale\" content=\"en_US\" \/>\n<meta property=\"og:type\" content=\"article\" \/>\n<meta property=\"og:title\" content=\"About us\" \/>\n<meta property=\"og:description\" content=\"Art\u00edculos Religiosos, trusted source over 100+ years of expertise, to buy rosaries, religious paintings, nativity sets, chasubles, saint medals, and Catholic artwork.\" \/>\n<meta property=\"og:url\" content=\"https:\/\/articulosreligiosos.com\/en\/about-us\/\" \/>\n<meta property=\"og:site_name\" content=\"articulosreligiosos.com\" \/>\n<meta property=\"article:modified_time\" content=\"2024-12-31T06:17:12+00:00\" \/>\n<meta property=\"og:image\" content=\"https:\/\/articulosreligiosos.com\/wp-content\/uploads\/2024\/10\/Artesano-580x480-1.jpg\" \/>\n<meta name=\"twitter:card\" content=\"summary_large_image\" \/>\n<meta name=\"twitter:label1\" content=\"Est. reading time\" \/>\n\t<meta name=\"twitter:data1\" content=\"3 minutes\" \/>\n<script type=\"application\/ld+json\" class=\"yoast-schema-graph\">{\"@context\":\"https:\/\/schema.org\",\"@graph\":[{\"@type\":\"WebPage\",\"@id\":\"https:\/\/articulosreligiosos.com\/en\/about-us\/\",\"url\":\"https:\/\/articulosreligiosos.com\/en\/about-us\/\",\"name\":\"About Us - Art\u00edculos Religiosos | Best Online Religious Articles Store\",\"isPartOf\":{\"@id\":\"https:\/\/articulosreligiosos.com\/en\/#website\"},\"primaryImageOfPage\":{\"@id\":\"https:\/\/articulosreligiosos.com\/en\/about-us\/#primaryimage\"},\"image\":{\"@id\":\"https:\/\/articulosreligiosos.com\/en\/about-us\/#primaryimage\"},\"thumbnailUrl\":\"https:\/\/articulosreligiosos.com\/wp-content\/uploads\/2024\/10\/Artesano-580x480-1.jpg\",\"datePublished\":\"2023-12-04T12:14:50+00:00\",\"dateModified\":\"2024-12-31T06:17:12+00:00\",\"description\":\"Art\u00edculos Religiosos, trusted source over 100+ years of expertise, to buy rosaries, religious paintings, nativity sets, chasubles, saint medals, and Catholic artwork.\",\"breadcrumb\":{\"@id\":\"https:\/\/articulosreligiosos.com\/en\/about-us\/#breadcrumb\"},\"inLanguage\":\"en-US\",\"potentialAction\":[{\"@type\":\"ReadAction\",\"target\":[\"https:\/\/articulosreligiosos.com\/en\/about-us\/\"]}]},{\"@type\":\"ImageObject\",\"inLanguage\":\"en-US\",\"@id\":\"https:\/\/articulosreligiosos.com\/en\/about-us\/#primaryimage\",\"url\":\"https:\/\/articulosreligiosos.com\/wp-content\/uploads\/2024\/10\/Artesano-580x480-1.jpg\",\"contentUrl\":\"https:\/\/articulosreligiosos.com\/wp-content\/uploads\/2024\/10\/Artesano-580x480-1.jpg\"},{\"@type\":\"BreadcrumbList\",\"@id\":\"https:\/\/articulosreligiosos.com\/en\/about-us\/#breadcrumb\",\"itemListElement\":[{\"@type\":\"ListItem\",\"position\":1,\"name\":\"Home\",\"item\":\"https:\/\/articulosreligiosos.com\/en\/\"},{\"@type\":\"ListItem\",\"position\":2,\"name\":\"About us\"}]},{\"@type\":\"WebSite\",\"@id\":\"https:\/\/articulosreligiosos.com\/en\/#website\",\"url\":\"https:\/\/articulosreligiosos.com\/en\/\",\"name\":\"Art\u00edculos Religiosos\",\"description\":\"Tienda online | Fabricaci\u00f3n, restauraci\u00f3n y comercializaci\u00f3n de objetos religiosos al mejor precio y con el mejor servicio.\",\"publisher\":{\"@id\":\"https:\/\/articulosreligiosos.com\/en\/#organization\"},\"potentialAction\":[{\"@type\":\"SearchAction\",\"target\":{\"@type\":\"EntryPoint\",\"urlTemplate\":\"https:\/\/articulosreligiosos.com\/en\/?s={search_term_string}\"},\"query-input\":{\"@type\":\"PropertyValueSpecification\",\"valueRequired\":true,\"valueName\":\"search_term_string\"}}],\"inLanguage\":\"en-US\"},{\"@type\":\"Organization\",\"@id\":\"https:\/\/articulosreligiosos.com\/en\/#organization\",\"name\":\"Art\u00edculos Religiosos\",\"url\":\"https:\/\/articulosreligiosos.com\/en\/\",\"logo\":{\"@type\":\"ImageObject\",\"inLanguage\":\"en-US\",\"@id\":\"https:\/\/articulosreligiosos.com\/en\/#\/schema\/logo\/image\/\",\"url\":\"https:\/\/articulosreligiosos.com\/wp-content\/uploads\/2023\/12\/newlogo-1.png\",\"contentUrl\":\"https:\/\/articulosreligiosos.com\/wp-content\/uploads\/2023\/12\/newlogo-1.png\",\"width\":178,\"height\":114,\"caption\":\"Art\u00edculos Religiosos\"},\"image\":{\"@id\":\"https:\/\/articulosreligiosos.com\/en\/#\/schema\/logo\/image\/\"},\"sameAs\":[\"https:\/\/www.instagram.com\/articulosreligiosos.tienda\/\"],\"hasMerchantReturnPolicy\":{\"@type\":\"MerchantReturnPolicy\",\"merchantReturnLink\":\"https:\/\/articulosreligiosos.com\/en\/refund-and-returns-policy\/\"}}]}<\/script>\n<!-- \/ Yoast SEO Premium plugin. -->","yoast_head_json":{"title":"About Us - Art\u00edculos Religiosos | Best Online Religious Articles Store","description":"Art\u00edculos Religiosos, trusted source over 100+ years of expertise, to buy rosaries, religious paintings, nativity sets, chasubles, saint medals, and Catholic artwork.","robots":{"index":"index","follow":"follow","max-snippet":"max-snippet:-1","max-image-preview":"max-image-preview:large","max-video-preview":"max-video-preview:-1"},"canonical":"https:\/\/articulosreligiosos.com\/en\/about-us\/","og_locale":"en_US","og_type":"article","og_title":"About us","og_description":"Art\u00edculos Religiosos, trusted source over 100+ years of expertise, to buy rosaries, religious paintings, nativity sets, chasubles, saint medals, and Catholic artwork.","og_url":"https:\/\/articulosreligiosos.com\/en\/about-us\/","og_site_name":"articulosreligiosos.com","article_modified_time":"2024-12-31T06:17:12+00:00","og_image":[{"url":"https:\/\/articulosreligiosos.com\/wp-content\/uploads\/2024\/10\/Artesano-580x480-1.jpg","type":"","width":"","height":""}],"twitter_card":"summary_large_image","twitter_misc":{"Est. reading time":"3 minutes"},"schema":{"@context":"https:\/\/schema.org","@graph":[{"@type":"WebPage","@id":"https:\/\/articulosreligiosos.com\/en\/about-us\/","url":"https:\/\/articulosreligiosos.com\/en\/about-us\/","name":"About Us - Art\u00edculos Religiosos | Best Online Religious Articles Store","isPartOf":{"@id":"https:\/\/articulosreligiosos.com\/en\/#website"},"primaryImageOfPage":{"@id":"https:\/\/articulosreligiosos.com\/en\/about-us\/#primaryimage"},"image":{"@id":"https:\/\/articulosreligiosos.com\/en\/about-us\/#primaryimage"},"thumbnailUrl":"https:\/\/articulosreligiosos.com\/wp-content\/uploads\/2024\/10\/Artesano-580x480-1.jpg","datePublished":"2023-12-04T12:14:50+00:00","dateModified":"2024-12-31T06:17:12+00:00","description":"Art\u00edculos Religiosos, trusted source over 100+ years of expertise, to buy rosaries, religious paintings, nativity sets, chasubles, saint medals, and Catholic artwork.","breadcrumb":{"@id":"https:\/\/articulosreligiosos.com\/en\/about-us\/#breadcrumb"},"inLanguage":"en-US","potentialAction":[{"@type":"ReadAction","target":["https:\/\/articulosreligiosos.com\/en\/about-us\/"]}]},{"@type":"ImageObject","inLanguage":"en-US","@id":"https:\/\/articulosreligiosos.com\/en\/about-us\/#primaryimage","url":"https:\/\/articulosreligiosos.com\/wp-content\/uploads\/2024\/10\/Artesano-580x480-1.jpg","contentUrl":"https:\/\/articulosreligiosos.com\/wp-content\/uploads\/2024\/10\/Artesano-580x480-1.jpg"},{"@type":"BreadcrumbList","@id":"https:\/\/articulosreligiosos.com\/en\/about-us\/#breadcrumb","itemListElement":[{"@type":"ListItem","position":1,"name":"Home","item":"https:\/\/articulosreligiosos.com\/en\/"},{"@type":"ListItem","position":2,"name":"About us"}]},{"@type":"WebSite","@id":"https:\/\/articulosreligiosos.com\/en\/#website","url":"https:\/\/articulosreligiosos.com\/en\/","name":"Art\u00edculos Religiosos","description":"Tienda online | Fabricaci\u00f3n, restauraci\u00f3n y comercializaci\u00f3n de objetos religiosos al mejor precio y con el mejor servicio.","publisher":{"@id":"https:\/\/articulosreligiosos.com\/en\/#organization"},"potentialAction":[{"@type":"SearchAction","target":{"@type":"EntryPoint","urlTemplate":"https:\/\/articulosreligiosos.com\/en\/?s={search_term_string}"},"query-input":{"@type":"PropertyValueSpecification","valueRequired":true,"valueName":"search_term_string"}}],"inLanguage":"en-US"},{"@type":"Organization","@id":"https:\/\/articulosreligiosos.com\/en\/#organization","name":"Art\u00edculos Religiosos","url":"https:\/\/articulosreligiosos.com\/en\/","logo":{"@type":"ImageObject","inLanguage":"en-US","@id":"https:\/\/articulosreligiosos.com\/en\/#\/schema\/logo\/image\/","url":"https:\/\/articulosreligiosos.com\/wp-content\/uploads\/2023\/12\/newlogo-1.png","contentUrl":"https:\/\/articulosreligiosos.com\/wp-content\/uploads\/2023\/12\/newlogo-1.png","width":178,"height":114,"caption":"Art\u00edculos Religiosos"},"image":{"@id":"https:\/\/articulosreligiosos.com\/en\/#\/schema\/logo\/image\/"},"sameAs":["https:\/\/www.instagram.com\/articulosreligiosos.tienda\/"],"hasMerchantReturnPolicy":{"@type":"MerchantReturnPolicy","merchantReturnLink":"https:\/\/articulosreligiosos.com\/en\/refund-and-returns-policy\/"}}]}},"_links":{"self":[{"href":"https:\/\/articulosreligiosos.com\/en\/wp-json\/wp\/v2\/pages\/222727","targetHints":{"allow":["GET"]}}],"collection":[{"href":"https:\/\/articulosreligiosos.com\/en\/wp-json\/wp\/v2\/pages"}],"about":[{"href":"https:\/\/articulosreligiosos.com\/en\/wp-json\/wp\/v2\/types\/page"}],"author":[{"embeddable":true,"href":"https:\/\/articulosreligiosos.com\/en\/wp-json\/wp\/v2\/users\/1"}],"replies":[{"embeddable":true,"href":"https:\/\/articulosreligiosos.com\/en\/wp-json\/wp\/v2\/comments?post=222727"}],"version-history":[{"count":0,"href":"https:\/\/articulosreligiosos.com\/en\/wp-json\/wp\/v2\/pages\/222727\/revisions"}],"wp:attachment":[{"href":"https:\/\/articulosreligiosos.com\/en\/wp-json\/wp\/v2\/media?parent=222727"}],"curies":[{"name":"wp","href":"https:\/\/api.w.org\/{rel}","templated":true}]}}