{"id":222721,"date":"2023-11-29T05:42:34","date_gmt":"2023-11-29T05:42:34","guid":{"rendered":"https:\/\/articulosreligiosos.com\/?page_id=293"},"modified":"2024-06-15T14:15:37","modified_gmt":"2024-06-15T14:15:37","slug":"privacy-policy-2","status":"publish","type":"page","link":"https:\/\/articulosreligiosos.com\/en\/privacy-policy-2\/","title":{"rendered":"Privacy Policy"},"content":{"rendered":"\t\t<div data-elementor-type=\"wp-page\" data-elementor-id=\"222721\" class=\"elementor elementor-222721 elementor-222716\">\n\t\t\t\t<div class=\"elementor-element elementor-element-8d6577c e-flex e-con-boxed e-con e-parent\" data-id=\"8d6577c\" data-element_type=\"container\" data-e-type=\"container\">\n\t\t\t\t\t<div class=\"e-con-inner\">\n\t\t\t\t<div class=\"elementor-element elementor-element-b41eebc elementor-widget elementor-widget-heading\" data-id=\"b41eebc\" data-element_type=\"widget\" data-e-type=\"widget\" data-widget_type=\"heading.default\">\n\t\t\t\t<div class=\"elementor-widget-container\">\n\t\t\t\t\t<h1 class=\"elementor-heading-title elementor-size-default\">Privacy Policy<br><\/h1>\t\t\t\t<\/div>\n\t\t\t\t<\/div>\n\t\t\t\t<div class=\"elementor-element elementor-element-e467367 elementor-widget elementor-widget-text-editor\" data-id=\"e467367\" data-element_type=\"widget\" data-e-type=\"widget\" data-widget_type=\"text-editor.default\">\n\t\t\t\t<div class=\"elementor-widget-container\">\n\t\t\t\t\t\t\t\t\t<div class=\"columns\"><div class=\"column main\"><p>In compliance with the provisions of Regulation (EU) 2016\/679, on the Protection of Data of Character Staff (hereinafter RGPD), we inform you that the personal data that you provide, as well as As those data accessed as a result of browsing the portal, they will pass to be part of the treatment\u00a0<strong>Customers \/ Internet users<\/strong>\u00a0owned by\u00a0<strong>Artesania y Decoracion Casals, S.L.<\/strong>, with\u00a0<strong>CIF B61528568<\/strong>\u00a0and with registered office at\u00a0<strong>C \/ Boters, 7-9, Ppal. 08002. Barcelona, Spain.<\/strong>\u00a0The purpose of such treatment is the management, provision and improvement of services and products offered at any time by\u00a0<strong>Artesania y Decoracion Casals, S.L.<\/strong>\u00a0on the portal and outside of it, commercial tracking and submission of updated information on related products and services, present and future, and, where appropriate, the performance of billing activities and any other could be necessary to carry out the contractual relationship that could be established between you and\u00a0<strong>Artesania y Decoracion Casals, S.L.<\/strong><\/p><p>\u00a0<\/p><p>Similarly, Artesania y Decoracion Casals, S.L. undertakes not to transfer your data to third parties people with no kind of purpose except express consent on their part.<\/p><p>\u00a0<\/p><p>For these purposes, you give your express consent to the transfer and processing of your personal data by the\u00a0<strong>Artesania y Decoracion Casals, S.L.<\/strong>\u00a0for internal administrative purposes.<\/p><p>\u00a0<\/p><p>You can exercise your right of access, rectification, cancellation, opposition, Portability and right to be forgotten when processing your personal data, by the following means:<\/p><p>\u00a0<\/p><p>1) Email, in the section\u00a0<strong><a href=\"mailto:info@articulosreligiosos.com\">info@articulosreligiosos.com<\/a><\/strong>.<\/p><p>2) Written communication addressed to\u00a0<strong>C \/ Boters, 7-9, Ppal. 08002. Barcelona, Spain.<\/strong><\/p><p>\u00a0<\/p><p>Also, by completing, registering and \/ or sending the data forms that are contained in this portal, you can provide through the web form your express consent to the sending of commercial, promotional and advertising communications (including by email and media equivalent electronic communication) relating to related services, present and future, offered by Casals, S.L, Artesania y Decoracion Casals, S.L.. They will be identified by the word &#8216;advertising&#8217; those emails or newsletters that contain commercial communications or promotions, exclusively.<\/p><p>You may, at any time, revoke such consent with the simple notification of your will, through email, or at the address\u00a0<strong>C \/ Boters, 7-9, Ppal. 08002 Barcelona, Spain.<\/strong><\/p><p>\u00a0<\/p><p>We inform you that we have implemented security measures of technical and organizational nature necessary, in accordance with the regulations in force, to guarantee the security of your data personal nature and avoid alteration, loss and treatment and \/ or unauthorized access, taking into account the state of technology, the nature of the data stored and the risks to which they are exposed, come from human action or the physical or natural environment.<\/p><p>\u00a0<\/p><p>We will not be in any case responsible for the legality, accuracy and accuracy of the data provided for you. The notification of any modification in the same.<\/p><p>\u00a0<\/p><p>This privacy policy is only applicable to the website\u00a0<strong>www.articulosreligiosos.com<\/strong>\u00a0property de\u00a0<strong>Artesania y Decoracion Casals, S.L.<\/strong>, is not guaranteed in the accesses through links with this site, nor to the links from this site with other websites.<\/p><p>\u00a0<\/p><\/div><\/div>\t\t\t\t\t\t\t\t<\/div>\n\t\t\t\t<\/div>\n\t\t\t\t\t<\/div>\n\t\t\t\t<\/div>\n\t\t<div class=\"elementor-element elementor-element-5073b39 e-flex e-con-boxed e-con e-parent\" data-id=\"5073b39\" data-element_type=\"container\" data-e-type=\"container\">\n\t\t\t\t\t<div class=\"e-con-inner\">\n\t\t\t\t\t<\/div>\n\t\t\t\t<\/div>\n\t\t\t\t<\/div>\n\t\t","protected":false},"excerpt":{"rendered":"<p>Privacy Policy In compliance with the provisions of Regulation (EU) 2016\/679, on the Protection of Data of Character Staff (hereinafter RGPD), we inform you that the personal data that you provide, as well as As those data accessed as a result of browsing the portal, they will pass to be part of the treatment\u00a0Customers \/ [&hellip;]<\/p>\n","protected":false},"author":1,"featured_media":0,"parent":0,"menu_order":0,"comment_status":"closed","ping_status":"open","template":"","meta":{"_acf_changed":false,"footnotes":""},"class_list":["post-222721","page","type-page","status-publish","hentry"],"acf":[],"yoast_head":"<!-- This site is optimized with the Yoast SEO Premium plugin v27.2 (Yoast SEO v27.2) - https:\/\/yoast.com\/product\/yoast-seo-premium-wordpress\/ -->\n<title>Privacy Policy<\/title>\n<meta name=\"description\" content=\"Tienda online | Fabricaci\u00f3n, restauraci\u00f3n y comercializaci\u00f3n de objetos religiosos al mejor precio y con el mejor servicio.\" \/>\n<meta name=\"robots\" content=\"index, follow, max-snippet:-1, max-image-preview:large, max-video-preview:-1\" \/>\n<link rel=\"canonical\" href=\"https:\/\/articulosreligiosos.com\/en\/privacy-policy-2\/\" \/>\n<meta property=\"og:locale\" content=\"en_US\" \/>\n<meta property=\"og:type\" content=\"article\" \/>\n<meta property=\"og:title\" content=\"Privacy Policy\" \/>\n<meta property=\"og:description\" content=\"Tienda online | Fabricaci\u00f3n, restauraci\u00f3n y comercializaci\u00f3n de objetos religiosos al mejor precio y con el mejor servicio.\" \/>\n<meta property=\"og:url\" content=\"https:\/\/articulosreligiosos.com\/en\/privacy-policy-2\/\" \/>\n<meta property=\"og:site_name\" content=\"articulosreligiosos.com\" \/>\n<meta property=\"article:modified_time\" content=\"2024-06-15T14:15:37+00:00\" \/>\n<meta property=\"og:image\" content=\"https:\/\/articulosreligiosos.com\/wp-content\/uploads\/2023\/12\/newlogo-1.png\" \/>\n\t<meta property=\"og:image:width\" content=\"178\" \/>\n\t<meta property=\"og:image:height\" content=\"114\" \/>\n\t<meta property=\"og:image:type\" content=\"image\/png\" \/>\n<meta name=\"twitter:card\" content=\"summary_large_image\" \/>\n<meta name=\"twitter:label1\" content=\"Est. reading time\" \/>\n\t<meta name=\"twitter:data1\" content=\"3 minutes\" \/>\n<script type=\"application\/ld+json\" class=\"yoast-schema-graph\">{\"@context\":\"https:\/\/schema.org\",\"@graph\":[{\"@type\":\"WebPage\",\"@id\":\"https:\/\/articulosreligiosos.com\/en\/privacy-policy-2\/\",\"url\":\"https:\/\/articulosreligiosos.com\/en\/privacy-policy-2\/\",\"name\":\"Privacy Policy\",\"isPartOf\":{\"@id\":\"https:\/\/articulosreligiosos.com\/en\/#website\"},\"datePublished\":\"2023-11-29T05:42:34+00:00\",\"dateModified\":\"2024-06-15T14:15:37+00:00\",\"description\":\"Tienda online | Fabricaci\u00f3n, restauraci\u00f3n y comercializaci\u00f3n de objetos religiosos al mejor precio y con el mejor servicio.\",\"breadcrumb\":{\"@id\":\"https:\/\/articulosreligiosos.com\/en\/privacy-policy-2\/#breadcrumb\"},\"inLanguage\":\"en-US\",\"potentialAction\":[{\"@type\":\"ReadAction\",\"target\":[\"https:\/\/articulosreligiosos.com\/en\/privacy-policy-2\/\"]}]},{\"@type\":\"BreadcrumbList\",\"@id\":\"https:\/\/articulosreligiosos.com\/en\/privacy-policy-2\/#breadcrumb\",\"itemListElement\":[{\"@type\":\"ListItem\",\"position\":1,\"name\":\"Home\",\"item\":\"https:\/\/articulosreligiosos.com\/en\/\"},{\"@type\":\"ListItem\",\"position\":2,\"name\":\"Privacy Policy\"}]},{\"@type\":\"WebSite\",\"@id\":\"https:\/\/articulosreligiosos.com\/en\/#website\",\"url\":\"https:\/\/articulosreligiosos.com\/en\/\",\"name\":\"Art\u00edculos Religiosos\",\"description\":\"Tienda online | Fabricaci\u00f3n, restauraci\u00f3n y comercializaci\u00f3n de objetos religiosos al mejor precio y con el mejor servicio.\",\"publisher\":{\"@id\":\"https:\/\/articulosreligiosos.com\/en\/#organization\"},\"potentialAction\":[{\"@type\":\"SearchAction\",\"target\":{\"@type\":\"EntryPoint\",\"urlTemplate\":\"https:\/\/articulosreligiosos.com\/en\/?s={search_term_string}\"},\"query-input\":{\"@type\":\"PropertyValueSpecification\",\"valueRequired\":true,\"valueName\":\"search_term_string\"}}],\"inLanguage\":\"en-US\"},{\"@type\":\"Organization\",\"@id\":\"https:\/\/articulosreligiosos.com\/en\/#organization\",\"name\":\"Art\u00edculos Religiosos\",\"url\":\"https:\/\/articulosreligiosos.com\/en\/\",\"logo\":{\"@type\":\"ImageObject\",\"inLanguage\":\"en-US\",\"@id\":\"https:\/\/articulosreligiosos.com\/en\/#\/schema\/logo\/image\/\",\"url\":\"https:\/\/articulosreligiosos.com\/wp-content\/uploads\/2023\/12\/newlogo-1.png\",\"contentUrl\":\"https:\/\/articulosreligiosos.com\/wp-content\/uploads\/2023\/12\/newlogo-1.png\",\"width\":178,\"height\":114,\"caption\":\"Art\u00edculos Religiosos\"},\"image\":{\"@id\":\"https:\/\/articulosreligiosos.com\/en\/#\/schema\/logo\/image\/\"},\"sameAs\":[\"https:\/\/www.instagram.com\/articulosreligiosos.tienda\/\"],\"hasMerchantReturnPolicy\":{\"@type\":\"MerchantReturnPolicy\",\"merchantReturnLink\":\"https:\/\/articulosreligiosos.com\/en\/refund-and-returns-policy\/\"}}]}<\/script>\n<!-- \/ Yoast SEO Premium plugin. -->","yoast_head_json":{"title":"Privacy Policy","description":"Tienda online | Fabricaci\u00f3n, restauraci\u00f3n y comercializaci\u00f3n de objetos religiosos al mejor precio y con el mejor servicio.","robots":{"index":"index","follow":"follow","max-snippet":"max-snippet:-1","max-image-preview":"max-image-preview:large","max-video-preview":"max-video-preview:-1"},"canonical":"https:\/\/articulosreligiosos.com\/en\/privacy-policy-2\/","og_locale":"en_US","og_type":"article","og_title":"Privacy Policy","og_description":"Tienda online | Fabricaci\u00f3n, restauraci\u00f3n y comercializaci\u00f3n de objetos religiosos al mejor precio y con el mejor servicio.","og_url":"https:\/\/articulosreligiosos.com\/en\/privacy-policy-2\/","og_site_name":"articulosreligiosos.com","article_modified_time":"2024-06-15T14:15:37+00:00","og_image":[{"width":178,"height":114,"url":"https:\/\/articulosreligiosos.com\/wp-content\/uploads\/2023\/12\/newlogo-1.png","type":"image\/png"}],"twitter_card":"summary_large_image","twitter_misc":{"Est. reading time":"3 minutes"},"schema":{"@context":"https:\/\/schema.org","@graph":[{"@type":"WebPage","@id":"https:\/\/articulosreligiosos.com\/en\/privacy-policy-2\/","url":"https:\/\/articulosreligiosos.com\/en\/privacy-policy-2\/","name":"Privacy Policy","isPartOf":{"@id":"https:\/\/articulosreligiosos.com\/en\/#website"},"datePublished":"2023-11-29T05:42:34+00:00","dateModified":"2024-06-15T14:15:37+00:00","description":"Tienda online | Fabricaci\u00f3n, restauraci\u00f3n y comercializaci\u00f3n de objetos religiosos al mejor precio y con el mejor servicio.","breadcrumb":{"@id":"https:\/\/articulosreligiosos.com\/en\/privacy-policy-2\/#breadcrumb"},"inLanguage":"en-US","potentialAction":[{"@type":"ReadAction","target":["https:\/\/articulosreligiosos.com\/en\/privacy-policy-2\/"]}]},{"@type":"BreadcrumbList","@id":"https:\/\/articulosreligiosos.com\/en\/privacy-policy-2\/#breadcrumb","itemListElement":[{"@type":"ListItem","position":1,"name":"Home","item":"https:\/\/articulosreligiosos.com\/en\/"},{"@type":"ListItem","position":2,"name":"Privacy Policy"}]},{"@type":"WebSite","@id":"https:\/\/articulosreligiosos.com\/en\/#website","url":"https:\/\/articulosreligiosos.com\/en\/","name":"Art\u00edculos Religiosos","description":"Tienda online | Fabricaci\u00f3n, restauraci\u00f3n y comercializaci\u00f3n de objetos religiosos al mejor precio y con el mejor servicio.","publisher":{"@id":"https:\/\/articulosreligiosos.com\/en\/#organization"},"potentialAction":[{"@type":"SearchAction","target":{"@type":"EntryPoint","urlTemplate":"https:\/\/articulosreligiosos.com\/en\/?s={search_term_string}"},"query-input":{"@type":"PropertyValueSpecification","valueRequired":true,"valueName":"search_term_string"}}],"inLanguage":"en-US"},{"@type":"Organization","@id":"https:\/\/articulosreligiosos.com\/en\/#organization","name":"Art\u00edculos Religiosos","url":"https:\/\/articulosreligiosos.com\/en\/","logo":{"@type":"ImageObject","inLanguage":"en-US","@id":"https:\/\/articulosreligiosos.com\/en\/#\/schema\/logo\/image\/","url":"https:\/\/articulosreligiosos.com\/wp-content\/uploads\/2023\/12\/newlogo-1.png","contentUrl":"https:\/\/articulosreligiosos.com\/wp-content\/uploads\/2023\/12\/newlogo-1.png","width":178,"height":114,"caption":"Art\u00edculos Religiosos"},"image":{"@id":"https:\/\/articulosreligiosos.com\/en\/#\/schema\/logo\/image\/"},"sameAs":["https:\/\/www.instagram.com\/articulosreligiosos.tienda\/"],"hasMerchantReturnPolicy":{"@type":"MerchantReturnPolicy","merchantReturnLink":"https:\/\/articulosreligiosos.com\/en\/refund-and-returns-policy\/"}}]}},"_links":{"self":[{"href":"https:\/\/articulosreligiosos.com\/en\/wp-json\/wp\/v2\/pages\/222721","targetHints":{"allow":["GET"]}}],"collection":[{"href":"https:\/\/articulosreligiosos.com\/en\/wp-json\/wp\/v2\/pages"}],"about":[{"href":"https:\/\/articulosreligiosos.com\/en\/wp-json\/wp\/v2\/types\/page"}],"author":[{"embeddable":true,"href":"https:\/\/articulosreligiosos.com\/en\/wp-json\/wp\/v2\/users\/1"}],"replies":[{"embeddable":true,"href":"https:\/\/articulosreligiosos.com\/en\/wp-json\/wp\/v2\/comments?post=222721"}],"version-history":[{"count":0,"href":"https:\/\/articulosreligiosos.com\/en\/wp-json\/wp\/v2\/pages\/222721\/revisions"}],"wp:attachment":[{"href":"https:\/\/articulosreligiosos.com\/en\/wp-json\/wp\/v2\/media?parent=222721"}],"curies":[{"name":"wp","href":"https:\/\/api.w.org\/{rel}","templated":true}]}}